{"id":997,"date":"2016-09-29T08:22:23","date_gmt":"2016-09-29T08:22:23","guid":{"rendered":"http:\/\/kimmidoll.hu\/shop\/karkoto-kyoka\/"},"modified":"2023-12-13T06:59:29","modified_gmt":"2023-12-13T06:59:29","slug":"karkoto-kyoka","status":"publish","type":"product","link":"https:\/\/kimmidoll.hu\/en\/shop\/karkoto-kyoka\/","title":{"rendered":"Kark\u00f6t\u0151 &#8211; Kyoka"},"content":{"rendered":"<p>Kimmidoll Kark\u00f6t\u0151 &#8211; Kyoka, (l\u00e1nc hossza: 18cm\/ baba:2cm\/ charm 1cm)<\/p>\n","protected":false},"excerpt":{"rendered":"<p>Bracelet &#8211; Kyoka<\/p>\n","protected":false},"featured_media":998,"comment_status":"closed","ping_status":"closed","template":"","meta":[],"product_cat":[26],"product_tag":[28],"aioseo_notices":[],"_links":{"self":[{"href":"https:\/\/kimmidoll.hu\/en\/wp-json\/wp\/v2\/product\/997"}],"collection":[{"href":"https:\/\/kimmidoll.hu\/en\/wp-json\/wp\/v2\/product"}],"about":[{"href":"https:\/\/kimmidoll.hu\/en\/wp-json\/wp\/v2\/types\/product"}],"replies":[{"embeddable":true,"href":"https:\/\/kimmidoll.hu\/en\/wp-json\/wp\/v2\/comments?post=997"}],"wp:featuredmedia":[{"embeddable":true,"href":"https:\/\/kimmidoll.hu\/en\/wp-json\/wp\/v2\/media\/998"}],"wp:attachment":[{"href":"https:\/\/kimmidoll.hu\/en\/wp-json\/wp\/v2\/media?parent=997"}],"wp:term":[{"taxonomy":"product_cat","embeddable":true,"href":"https:\/\/kimmidoll.hu\/en\/wp-json\/wp\/v2\/product_cat?post=997"},{"taxonomy":"product_tag","embeddable":true,"href":"https:\/\/kimmidoll.hu\/en\/wp-json\/wp\/v2\/product_tag?post=997"}],"curies":[{"name":"wp","href":"https:\/\/api.w.org\/{rel}","templated":true}]}}