{"id":993,"date":"2016-09-29T08:15:29","date_gmt":"2016-09-29T08:15:29","guid":{"rendered":"http:\/\/kimmidoll.hu\/shop\/karkoto-hiro\/"},"modified":"2019-11-27T10:54:03","modified_gmt":"2019-11-27T10:54:03","slug":"karkoto-hiro","status":"publish","type":"product","link":"https:\/\/kimmidoll.hu\/en\/shop\/karkoto-hiro\/","title":{"rendered":"Kark\u00f6t\u0151 &#8211; Hiro"},"content":{"rendered":"<p>Kimmidoll Kark\u00f6t\u0151 &#8211; Hiro, (l\u00e1nc hossza: 18cm\/ baba:2cm\/ charm 1cm)<\/p>\n","protected":false},"excerpt":{"rendered":"<p>Bracelet &#8211; Hiro<\/p>\n","protected":false},"featured_media":994,"comment_status":"closed","ping_status":"closed","template":"","meta":[],"product_cat":[26],"product_tag":[28],"aioseo_notices":[],"_links":{"self":[{"href":"https:\/\/kimmidoll.hu\/en\/wp-json\/wp\/v2\/product\/993"}],"collection":[{"href":"https:\/\/kimmidoll.hu\/en\/wp-json\/wp\/v2\/product"}],"about":[{"href":"https:\/\/kimmidoll.hu\/en\/wp-json\/wp\/v2\/types\/product"}],"replies":[{"embeddable":true,"href":"https:\/\/kimmidoll.hu\/en\/wp-json\/wp\/v2\/comments?post=993"}],"wp:featuredmedia":[{"embeddable":true,"href":"https:\/\/kimmidoll.hu\/en\/wp-json\/wp\/v2\/media\/994"}],"wp:attachment":[{"href":"https:\/\/kimmidoll.hu\/en\/wp-json\/wp\/v2\/media?parent=993"}],"wp:term":[{"taxonomy":"product_cat","embeddable":true,"href":"https:\/\/kimmidoll.hu\/en\/wp-json\/wp\/v2\/product_cat?post=993"},{"taxonomy":"product_tag","embeddable":true,"href":"https:\/\/kimmidoll.hu\/en\/wp-json\/wp\/v2\/product_tag?post=993"}],"curies":[{"name":"wp","href":"https:\/\/api.w.org\/{rel}","templated":true}]}}