{"id":987,"date":"2016-09-29T08:03:38","date_gmt":"2016-09-29T08:03:38","guid":{"rendered":"http:\/\/kimmidoll.hu\/shop\/fulbevalo-naomi\/"},"modified":"2022-12-08T10:12:15","modified_gmt":"2022-12-08T10:12:15","slug":"fulbevalo-naomi","status":"publish","type":"product","link":"https:\/\/kimmidoll.hu\/en\/shop\/fulbevalo-naomi\/","title":{"rendered":"F\u00fclbeval\u00f3 &#8211; Naomi"},"content":{"rendered":"<p>Kimmidoll F\u00fclbeval\u00f3 &#8211; Naomi, (baba m\u00e9rete: 2cm)<\/p>\n","protected":false},"excerpt":{"rendered":"<p>Earring &#8211; Naomi<\/p>\n","protected":false},"featured_media":988,"comment_status":"closed","ping_status":"closed","template":"","meta":[],"product_cat":[26],"product_tag":[28],"aioseo_notices":[],"_links":{"self":[{"href":"https:\/\/kimmidoll.hu\/en\/wp-json\/wp\/v2\/product\/987"}],"collection":[{"href":"https:\/\/kimmidoll.hu\/en\/wp-json\/wp\/v2\/product"}],"about":[{"href":"https:\/\/kimmidoll.hu\/en\/wp-json\/wp\/v2\/types\/product"}],"replies":[{"embeddable":true,"href":"https:\/\/kimmidoll.hu\/en\/wp-json\/wp\/v2\/comments?post=987"}],"wp:featuredmedia":[{"embeddable":true,"href":"https:\/\/kimmidoll.hu\/en\/wp-json\/wp\/v2\/media\/988"}],"wp:attachment":[{"href":"https:\/\/kimmidoll.hu\/en\/wp-json\/wp\/v2\/media?parent=987"}],"wp:term":[{"taxonomy":"product_cat","embeddable":true,"href":"https:\/\/kimmidoll.hu\/en\/wp-json\/wp\/v2\/product_cat?post=987"},{"taxonomy":"product_tag","embeddable":true,"href":"https:\/\/kimmidoll.hu\/en\/wp-json\/wp\/v2\/product_tag?post=987"}],"curies":[{"name":"wp","href":"https:\/\/api.w.org\/{rel}","templated":true}]}}