{"id":985,"date":"2016-09-28T09:02:19","date_gmt":"2016-09-28T09:02:19","guid":{"rendered":"http:\/\/kimmidoll.hu\/shop\/charm-nyaklanc-tasumi\/"},"modified":"2023-07-17T05:21:25","modified_gmt":"2023-07-17T05:21:25","slug":"charm-nyaklanc-tasumi","status":"publish","type":"product","link":"https:\/\/kimmidoll.hu\/en\/shop\/charm-nyaklanc-tasumi\/","title":{"rendered":"Charm nyakl\u00e1nc &#8211; Kyoka"},"content":{"rendered":"<p>Kimmidoll Charm nyakl\u00e1nc &#8211; Tasumi (l\u00e1nc hossza: 56cm\/ baba:2cm\/ charm 1cm)<\/p>\n","protected":false},"excerpt":{"rendered":"<p>Charm necklaces &#8211; Tasumi<\/p>\n","protected":false},"featured_media":986,"comment_status":"closed","ping_status":"closed","template":"","meta":[],"product_cat":[26],"product_tag":[28],"aioseo_notices":[],"_links":{"self":[{"href":"https:\/\/kimmidoll.hu\/en\/wp-json\/wp\/v2\/product\/985"}],"collection":[{"href":"https:\/\/kimmidoll.hu\/en\/wp-json\/wp\/v2\/product"}],"about":[{"href":"https:\/\/kimmidoll.hu\/en\/wp-json\/wp\/v2\/types\/product"}],"replies":[{"embeddable":true,"href":"https:\/\/kimmidoll.hu\/en\/wp-json\/wp\/v2\/comments?post=985"}],"wp:featuredmedia":[{"embeddable":true,"href":"https:\/\/kimmidoll.hu\/en\/wp-json\/wp\/v2\/media\/986"}],"wp:attachment":[{"href":"https:\/\/kimmidoll.hu\/en\/wp-json\/wp\/v2\/media?parent=985"}],"wp:term":[{"taxonomy":"product_cat","embeddable":true,"href":"https:\/\/kimmidoll.hu\/en\/wp-json\/wp\/v2\/product_cat?post=985"},{"taxonomy":"product_tag","embeddable":true,"href":"https:\/\/kimmidoll.hu\/en\/wp-json\/wp\/v2\/product_tag?post=985"}],"curies":[{"name":"wp","href":"https:\/\/api.w.org\/{rel}","templated":true}]}}