{"id":983,"date":"2016-09-28T08:58:37","date_gmt":"2016-09-28T08:58:37","guid":{"rendered":"http:\/\/kimmidoll.hu\/shop\/charm-nyaklanc-naomi\/"},"modified":"2020-07-20T05:24:40","modified_gmt":"2020-07-20T05:24:40","slug":"charm-nyaklanc-naomi","status":"publish","type":"product","link":"https:\/\/kimmidoll.hu\/en\/shop\/charm-nyaklanc-naomi\/","title":{"rendered":"Charm nyakl\u00e1nc &#8211; Kyoka"},"content":{"rendered":"<p>Kimmidoll Charm nyakl\u00e1nc &#8211; Naomi (l\u00e1nc hossza: 56cm\/ baba:2cm\/ charm 1cm)<\/p>\n","protected":false},"excerpt":{"rendered":"<p>Charm necklaces &#8211; Naomi<\/p>\n","protected":false},"featured_media":984,"comment_status":"closed","ping_status":"closed","template":"","meta":[],"product_cat":[26],"product_tag":[28],"aioseo_notices":[],"_links":{"self":[{"href":"https:\/\/kimmidoll.hu\/en\/wp-json\/wp\/v2\/product\/983"}],"collection":[{"href":"https:\/\/kimmidoll.hu\/en\/wp-json\/wp\/v2\/product"}],"about":[{"href":"https:\/\/kimmidoll.hu\/en\/wp-json\/wp\/v2\/types\/product"}],"replies":[{"embeddable":true,"href":"https:\/\/kimmidoll.hu\/en\/wp-json\/wp\/v2\/comments?post=983"}],"wp:featuredmedia":[{"embeddable":true,"href":"https:\/\/kimmidoll.hu\/en\/wp-json\/wp\/v2\/media\/984"}],"wp:attachment":[{"href":"https:\/\/kimmidoll.hu\/en\/wp-json\/wp\/v2\/media?parent=983"}],"wp:term":[{"taxonomy":"product_cat","embeddable":true,"href":"https:\/\/kimmidoll.hu\/en\/wp-json\/wp\/v2\/product_cat?post=983"},{"taxonomy":"product_tag","embeddable":true,"href":"https:\/\/kimmidoll.hu\/en\/wp-json\/wp\/v2\/product_tag?post=983"}],"curies":[{"name":"wp","href":"https:\/\/api.w.org\/{rel}","templated":true}]}}