{"id":981,"date":"2016-09-28T08:55:06","date_gmt":"2016-09-28T08:55:06","guid":{"rendered":"http:\/\/kimmidoll.hu\/shop\/charm-nyaklanc-kyoka\/"},"modified":"2022-10-09T12:01:42","modified_gmt":"2022-10-09T12:01:42","slug":"charm-nyaklanc-kyoka","status":"publish","type":"product","link":"https:\/\/kimmidoll.hu\/en\/shop\/charm-nyaklanc-kyoka\/","title":{"rendered":"Charm nyakl\u00e1nc &#8211; Kyoka"},"content":{"rendered":"<p>Kimmidoll Charm nyakl\u00e1nc &#8211; Kyoka (l\u00e1nc hossza: 54cm\/ baba:1,75cm\/ charm 1cm)<\/p>\n","protected":false},"excerpt":{"rendered":"<p>Charm necklaces &#8211; Kyoka<\/p>\n","protected":false},"featured_media":982,"comment_status":"closed","ping_status":"closed","template":"","meta":[],"product_cat":[26],"product_tag":[28],"aioseo_notices":[],"_links":{"self":[{"href":"https:\/\/kimmidoll.hu\/en\/wp-json\/wp\/v2\/product\/981"}],"collection":[{"href":"https:\/\/kimmidoll.hu\/en\/wp-json\/wp\/v2\/product"}],"about":[{"href":"https:\/\/kimmidoll.hu\/en\/wp-json\/wp\/v2\/types\/product"}],"replies":[{"embeddable":true,"href":"https:\/\/kimmidoll.hu\/en\/wp-json\/wp\/v2\/comments?post=981"}],"wp:featuredmedia":[{"embeddable":true,"href":"https:\/\/kimmidoll.hu\/en\/wp-json\/wp\/v2\/media\/982"}],"wp:attachment":[{"href":"https:\/\/kimmidoll.hu\/en\/wp-json\/wp\/v2\/media?parent=981"}],"wp:term":[{"taxonomy":"product_cat","embeddable":true,"href":"https:\/\/kimmidoll.hu\/en\/wp-json\/wp\/v2\/product_cat?post=981"},{"taxonomy":"product_tag","embeddable":true,"href":"https:\/\/kimmidoll.hu\/en\/wp-json\/wp\/v2\/product_tag?post=981"}],"curies":[{"name":"wp","href":"https:\/\/api.w.org\/{rel}","templated":true}]}}