{"id":979,"date":"2016-09-28T08:51:09","date_gmt":"2016-09-28T08:51:09","guid":{"rendered":"http:\/\/kimmidoll.hu\/shop\/charm-nyaklanc-hiro\/"},"modified":"2022-12-07T09:53:11","modified_gmt":"2022-12-07T09:53:11","slug":"charm-nyaklanc-hiro","status":"publish","type":"product","link":"https:\/\/kimmidoll.hu\/en\/shop\/charm-nyaklanc-hiro\/","title":{"rendered":"Charm nyakl\u00e1nc &#8211; Hiro"},"content":{"rendered":"<p>Kimmidoll Charm nyakl\u00e1nc &#8211; Hiro (l\u00e1nc hossza: 54cm\/ baba:1,75cm\/ charm 1cm)<\/p>\n","protected":false},"excerpt":{"rendered":"<p>Charm necklaces &#8211; Hiro<\/p>\n","protected":false},"featured_media":980,"comment_status":"closed","ping_status":"closed","template":"","meta":[],"product_cat":[26],"product_tag":[28],"aioseo_notices":[],"_links":{"self":[{"href":"https:\/\/kimmidoll.hu\/en\/wp-json\/wp\/v2\/product\/979"}],"collection":[{"href":"https:\/\/kimmidoll.hu\/en\/wp-json\/wp\/v2\/product"}],"about":[{"href":"https:\/\/kimmidoll.hu\/en\/wp-json\/wp\/v2\/types\/product"}],"replies":[{"embeddable":true,"href":"https:\/\/kimmidoll.hu\/en\/wp-json\/wp\/v2\/comments?post=979"}],"wp:featuredmedia":[{"embeddable":true,"href":"https:\/\/kimmidoll.hu\/en\/wp-json\/wp\/v2\/media\/980"}],"wp:attachment":[{"href":"https:\/\/kimmidoll.hu\/en\/wp-json\/wp\/v2\/media?parent=979"}],"wp:term":[{"taxonomy":"product_cat","embeddable":true,"href":"https:\/\/kimmidoll.hu\/en\/wp-json\/wp\/v2\/product_cat?post=979"},{"taxonomy":"product_tag","embeddable":true,"href":"https:\/\/kimmidoll.hu\/en\/wp-json\/wp\/v2\/product_tag?post=979"}],"curies":[{"name":"wp","href":"https:\/\/api.w.org\/{rel}","templated":true}]}}