{"id":977,"date":"2016-09-28T08:47:51","date_gmt":"2016-09-28T08:47:51","guid":{"rendered":"http:\/\/kimmidoll.hu\/shop\/charm-karkoto-tasumi\/"},"modified":"2023-07-17T05:21:36","modified_gmt":"2023-07-17T05:21:36","slug":"charm-karkoto-tasumi","status":"publish","type":"product","link":"https:\/\/kimmidoll.hu\/en\/shop\/charm-karkoto-tasumi\/","title":{"rendered":"K\u00e9tv\u00e9g\u0171 filctoll &#8211; 10-es csomag"},"content":{"rendered":"<p>Kimmidoll Charm kark\u00f6t\u0151 &#8211; Tasumi, (l\u00e1nc hossza: 18cm\/ baba:2cm\/ charm 1cm)<\/p>\n","protected":false},"excerpt":{"rendered":"<p>Charm bracelet &#8211; Tasumi<\/p>\n","protected":false},"featured_media":978,"comment_status":"closed","ping_status":"closed","template":"","meta":[],"product_cat":[26],"product_tag":[28],"aioseo_notices":[],"_links":{"self":[{"href":"https:\/\/kimmidoll.hu\/en\/wp-json\/wp\/v2\/product\/977"}],"collection":[{"href":"https:\/\/kimmidoll.hu\/en\/wp-json\/wp\/v2\/product"}],"about":[{"href":"https:\/\/kimmidoll.hu\/en\/wp-json\/wp\/v2\/types\/product"}],"replies":[{"embeddable":true,"href":"https:\/\/kimmidoll.hu\/en\/wp-json\/wp\/v2\/comments?post=977"}],"wp:featuredmedia":[{"embeddable":true,"href":"https:\/\/kimmidoll.hu\/en\/wp-json\/wp\/v2\/media\/978"}],"wp:attachment":[{"href":"https:\/\/kimmidoll.hu\/en\/wp-json\/wp\/v2\/media?parent=977"}],"wp:term":[{"taxonomy":"product_cat","embeddable":true,"href":"https:\/\/kimmidoll.hu\/en\/wp-json\/wp\/v2\/product_cat?post=977"},{"taxonomy":"product_tag","embeddable":true,"href":"https:\/\/kimmidoll.hu\/en\/wp-json\/wp\/v2\/product_tag?post=977"}],"curies":[{"name":"wp","href":"https:\/\/api.w.org\/{rel}","templated":true}]}}