{"id":975,"date":"2016-09-28T08:41:02","date_gmt":"2016-09-28T08:41:02","guid":{"rendered":"http:\/\/kimmidoll.hu\/shop\/charm-karkoto-naomi\/"},"modified":"2023-07-17T05:22:07","modified_gmt":"2023-07-17T05:22:07","slug":"charm-karkoto-naomi","status":"publish","type":"product","link":"https:\/\/kimmidoll.hu\/en\/shop\/charm-karkoto-naomi\/","title":{"rendered":"K\u00e9tv\u00e9g\u0171 filctoll &#8211; 10-es csomag"},"content":{"rendered":"<p>Kimmidoll Charm kark\u00f6t\u0151 &#8211; Naomi, (l\u00e1nc hossza: 18cm\/ baba:2cm\/ charm 1cm)<\/p>\n","protected":false},"excerpt":{"rendered":"<p>Charm bracelet &#8211; Naomi<\/p>\n","protected":false},"featured_media":976,"comment_status":"closed","ping_status":"closed","template":"","meta":[],"product_cat":[26],"product_tag":[28],"aioseo_notices":[],"_links":{"self":[{"href":"https:\/\/kimmidoll.hu\/en\/wp-json\/wp\/v2\/product\/975"}],"collection":[{"href":"https:\/\/kimmidoll.hu\/en\/wp-json\/wp\/v2\/product"}],"about":[{"href":"https:\/\/kimmidoll.hu\/en\/wp-json\/wp\/v2\/types\/product"}],"replies":[{"embeddable":true,"href":"https:\/\/kimmidoll.hu\/en\/wp-json\/wp\/v2\/comments?post=975"}],"wp:featuredmedia":[{"embeddable":true,"href":"https:\/\/kimmidoll.hu\/en\/wp-json\/wp\/v2\/media\/976"}],"wp:attachment":[{"href":"https:\/\/kimmidoll.hu\/en\/wp-json\/wp\/v2\/media?parent=975"}],"wp:term":[{"taxonomy":"product_cat","embeddable":true,"href":"https:\/\/kimmidoll.hu\/en\/wp-json\/wp\/v2\/product_cat?post=975"},{"taxonomy":"product_tag","embeddable":true,"href":"https:\/\/kimmidoll.hu\/en\/wp-json\/wp\/v2\/product_tag?post=975"}],"curies":[{"name":"wp","href":"https:\/\/api.w.org\/{rel}","templated":true}]}}