{"id":973,"date":"2016-09-28T08:35:40","date_gmt":"2016-09-28T08:35:40","guid":{"rendered":"http:\/\/kimmidoll.hu\/shop\/ketvegu-filctoll-10-es-csomag\/"},"modified":"2021-09-22T09:53:49","modified_gmt":"2021-09-22T09:53:49","slug":"ketvegu-filctoll-10-es-csomag","status":"publish","type":"product","link":"https:\/\/kimmidoll.hu\/en\/shop\/ketvegu-filctoll-10-es-csomag\/","title":{"rendered":"K\u00e9tv\u00e9g\u0171 filctoll &#8211; 10-es csomag"},"content":{"rendered":"<p>Kimmidoll K\u00e9tv\u00e9g\u0171 filctoll &#8211; 10-es csomag<\/p>\n","protected":false},"excerpt":{"rendered":"<p>marker &#8211; 10<\/p>\n","protected":false},"featured_media":974,"comment_status":"closed","ping_status":"closed","template":"","meta":[],"product_cat":[56,44],"product_tag":[57,45,29,33],"aioseo_notices":[],"_links":{"self":[{"href":"https:\/\/kimmidoll.hu\/en\/wp-json\/wp\/v2\/product\/973"}],"collection":[{"href":"https:\/\/kimmidoll.hu\/en\/wp-json\/wp\/v2\/product"}],"about":[{"href":"https:\/\/kimmidoll.hu\/en\/wp-json\/wp\/v2\/types\/product"}],"replies":[{"embeddable":true,"href":"https:\/\/kimmidoll.hu\/en\/wp-json\/wp\/v2\/comments?post=973"}],"wp:featuredmedia":[{"embeddable":true,"href":"https:\/\/kimmidoll.hu\/en\/wp-json\/wp\/v2\/media\/974"}],"wp:attachment":[{"href":"https:\/\/kimmidoll.hu\/en\/wp-json\/wp\/v2\/media?parent=973"}],"wp:term":[{"taxonomy":"product_cat","embeddable":true,"href":"https:\/\/kimmidoll.hu\/en\/wp-json\/wp\/v2\/product_cat?post=973"},{"taxonomy":"product_tag","embeddable":true,"href":"https:\/\/kimmidoll.hu\/en\/wp-json\/wp\/v2\/product_tag?post=973"}],"curies":[{"name":"wp","href":"https:\/\/api.w.org\/{rel}","templated":true}]}}