{"id":949,"date":"2016-09-27T13:20:26","date_gmt":"2016-09-27T13:20:26","guid":{"rendered":"http:\/\/kimmidoll.hu\/shop\/saya-borond\/"},"modified":"2016-09-28T11:37:08","modified_gmt":"2016-09-28T11:37:08","slug":"saya-borond","status":"publish","type":"product","link":"https:\/\/kimmidoll.hu\/en\/shop\/saya-borond\/","title":{"rendered":"Saya b\u0151r\u00f6nd"},"content":{"rendered":"<p>Kimmidoll Saya b\u0151r\u00f6nd, 61 cm magas, kem\u00e9ny, strapab\u00edr\u00f3 bor\u00edt\u00e1s, 4 spinner ker\u00e9k<\/p>\n","protected":false},"excerpt":{"rendered":"<p>Saya<\/p>\n","protected":false},"featured_media":950,"comment_status":"closed","ping_status":"closed","template":"","meta":[],"product_cat":[58],"product_tag":[59],"aioseo_notices":[],"_links":{"self":[{"href":"https:\/\/kimmidoll.hu\/en\/wp-json\/wp\/v2\/product\/949"}],"collection":[{"href":"https:\/\/kimmidoll.hu\/en\/wp-json\/wp\/v2\/product"}],"about":[{"href":"https:\/\/kimmidoll.hu\/en\/wp-json\/wp\/v2\/types\/product"}],"replies":[{"embeddable":true,"href":"https:\/\/kimmidoll.hu\/en\/wp-json\/wp\/v2\/comments?post=949"}],"wp:featuredmedia":[{"embeddable":true,"href":"https:\/\/kimmidoll.hu\/en\/wp-json\/wp\/v2\/media\/950"}],"wp:attachment":[{"href":"https:\/\/kimmidoll.hu\/en\/wp-json\/wp\/v2\/media?parent=949"}],"wp:term":[{"taxonomy":"product_cat","embeddable":true,"href":"https:\/\/kimmidoll.hu\/en\/wp-json\/wp\/v2\/product_cat?post=949"},{"taxonomy":"product_tag","embeddable":true,"href":"https:\/\/kimmidoll.hu\/en\/wp-json\/wp\/v2\/product_tag?post=949"}],"curies":[{"name":"wp","href":"https:\/\/api.w.org\/{rel}","templated":true}]}}