{"id":918,"date":"2016-09-27T11:24:53","date_gmt":"2016-09-27T11:24:53","guid":{"rendered":"http:\/\/kimmidoll.hu\/shop\/3d-kulcstarto-jasmine\/"},"modified":"2023-10-11T07:03:51","modified_gmt":"2023-10-11T07:03:51","slug":"3d-kulcstarto-jasmine","status":"publish","type":"product","link":"https:\/\/kimmidoll.hu\/en\/shop\/3d-kulcstarto-jasmine\/","title":{"rendered":"Ajt\u00f3f\u00fcgg\u0151 &#8211; Tilly"},"content":{"rendered":"<p>Kimmidoll 3D Kulcstart\u00f3 &#8211; Jasmine, baba m\u00e9rete: 5cm<\/p>\n","protected":false},"excerpt":{"rendered":"<p>3D Keychan &#8211; Jasmine, size of doll: 5cm<\/p>\n","protected":false},"featured_media":919,"comment_status":"closed","ping_status":"closed","template":"","meta":[],"product_cat":[34,56],"product_tag":[35,57,33],"aioseo_notices":[],"_links":{"self":[{"href":"https:\/\/kimmidoll.hu\/en\/wp-json\/wp\/v2\/product\/918"}],"collection":[{"href":"https:\/\/kimmidoll.hu\/en\/wp-json\/wp\/v2\/product"}],"about":[{"href":"https:\/\/kimmidoll.hu\/en\/wp-json\/wp\/v2\/types\/product"}],"replies":[{"embeddable":true,"href":"https:\/\/kimmidoll.hu\/en\/wp-json\/wp\/v2\/comments?post=918"}],"wp:featuredmedia":[{"embeddable":true,"href":"https:\/\/kimmidoll.hu\/en\/wp-json\/wp\/v2\/media\/919"}],"wp:attachment":[{"href":"https:\/\/kimmidoll.hu\/en\/wp-json\/wp\/v2\/media?parent=918"}],"wp:term":[{"taxonomy":"product_cat","embeddable":true,"href":"https:\/\/kimmidoll.hu\/en\/wp-json\/wp\/v2\/product_cat?post=918"},{"taxonomy":"product_tag","embeddable":true,"href":"https:\/\/kimmidoll.hu\/en\/wp-json\/wp\/v2\/product_tag?post=918"}],"curies":[{"name":"wp","href":"https:\/\/api.w.org\/{rel}","templated":true}]}}