{"id":916,"date":"2016-09-27T11:17:00","date_gmt":"2016-09-27T11:17:00","guid":{"rendered":"http:\/\/kimmidoll.hu\/shop\/3d-kulcstarto-evie\/"},"modified":"2025-01-03T16:07:51","modified_gmt":"2025-01-03T16:07:51","slug":"3d-kulcstarto-evie","status":"publish","type":"product","link":"https:\/\/kimmidoll.hu\/en\/shop\/3d-kulcstarto-evie\/","title":{"rendered":"Ajt\u00f3f\u00fcgg\u0151 &#8211; Tilly"},"content":{"rendered":"<p>Kimmidoll 3D Kulcstart\u00f3 &#8211; Evie, baba m\u00e9rete: 5cm<\/p>\n","protected":false},"excerpt":{"rendered":"<p>3D Keychan &#8211; Evie, size of doll: 5cm<\/p>\n","protected":false},"featured_media":917,"comment_status":"closed","ping_status":"closed","template":"","meta":[],"product_cat":[34,56],"product_tag":[35,57,33],"aioseo_notices":[],"_links":{"self":[{"href":"https:\/\/kimmidoll.hu\/en\/wp-json\/wp\/v2\/product\/916"}],"collection":[{"href":"https:\/\/kimmidoll.hu\/en\/wp-json\/wp\/v2\/product"}],"about":[{"href":"https:\/\/kimmidoll.hu\/en\/wp-json\/wp\/v2\/types\/product"}],"replies":[{"embeddable":true,"href":"https:\/\/kimmidoll.hu\/en\/wp-json\/wp\/v2\/comments?post=916"}],"wp:featuredmedia":[{"embeddable":true,"href":"https:\/\/kimmidoll.hu\/en\/wp-json\/wp\/v2\/media\/917"}],"wp:attachment":[{"href":"https:\/\/kimmidoll.hu\/en\/wp-json\/wp\/v2\/media?parent=916"}],"wp:term":[{"taxonomy":"product_cat","embeddable":true,"href":"https:\/\/kimmidoll.hu\/en\/wp-json\/wp\/v2\/product_cat?post=916"},{"taxonomy":"product_tag","embeddable":true,"href":"https:\/\/kimmidoll.hu\/en\/wp-json\/wp\/v2\/product_tag?post=916"}],"curies":[{"name":"wp","href":"https:\/\/api.w.org\/{rel}","templated":true}]}}