{"id":914,"date":"2016-09-27T11:07:26","date_gmt":"2016-09-27T11:07:26","guid":{"rendered":"http:\/\/kimmidoll.hu\/shop\/3d-kulcstarto-eden\/"},"modified":"2025-01-03T16:07:51","modified_gmt":"2025-01-03T16:07:51","slug":"3d-kulcstarto-eden","status":"publish","type":"product","link":"https:\/\/kimmidoll.hu\/en\/shop\/3d-kulcstarto-eden\/","title":{"rendered":"Ajt\u00f3f\u00fcgg\u0151 &#8211; Tilly"},"content":{"rendered":"<p>Kimmidoll 3D kulcstart\u00f3 &#8211; Eden, baba m\u00e9rete: 5cm<\/p>\n","protected":false},"excerpt":{"rendered":"<p>3D keychain &#8211; Eden, size of doll: 5cm<\/p>\n","protected":false},"featured_media":915,"comment_status":"closed","ping_status":"closed","template":"","meta":[],"product_cat":[34,56],"product_tag":[35,57,33],"aioseo_notices":[],"_links":{"self":[{"href":"https:\/\/kimmidoll.hu\/en\/wp-json\/wp\/v2\/product\/914"}],"collection":[{"href":"https:\/\/kimmidoll.hu\/en\/wp-json\/wp\/v2\/product"}],"about":[{"href":"https:\/\/kimmidoll.hu\/en\/wp-json\/wp\/v2\/types\/product"}],"replies":[{"embeddable":true,"href":"https:\/\/kimmidoll.hu\/en\/wp-json\/wp\/v2\/comments?post=914"}],"wp:featuredmedia":[{"embeddable":true,"href":"https:\/\/kimmidoll.hu\/en\/wp-json\/wp\/v2\/media\/915"}],"wp:attachment":[{"href":"https:\/\/kimmidoll.hu\/en\/wp-json\/wp\/v2\/media?parent=914"}],"wp:term":[{"taxonomy":"product_cat","embeddable":true,"href":"https:\/\/kimmidoll.hu\/en\/wp-json\/wp\/v2\/product_cat?post=914"},{"taxonomy":"product_tag","embeddable":true,"href":"https:\/\/kimmidoll.hu\/en\/wp-json\/wp\/v2\/product_tag?post=914"}],"curies":[{"name":"wp","href":"https:\/\/api.w.org\/{rel}","templated":true}]}}