{"id":912,"date":"2016-09-26T08:50:53","date_gmt":"2016-09-26T08:50:53","guid":{"rendered":"http:\/\/kimmidoll.hu\/shop\/ajtofuggo-tilly\/"},"modified":"2018-03-23T11:05:34","modified_gmt":"2018-03-23T11:05:34","slug":"ajtofuggo-tilly","status":"publish","type":"product","link":"https:\/\/kimmidoll.hu\/en\/shop\/ajtofuggo-tilly\/","title":{"rendered":"Ajt\u00f3f\u00fcgg\u0151 &#8211; Tilly"},"content":{"rendered":"<p>Kimmidoll Ajt\u00f3f\u00fcgg\u0151 &#8211; Tilly<\/p>\n","protected":false},"excerpt":{"rendered":"<p>Door hanger &#8211; Tilly<\/p>\n","protected":false},"featured_media":913,"comment_status":"closed","ping_status":"closed","template":"","meta":[],"product_cat":[36,56],"product_tag":[37,57,33],"aioseo_notices":[],"_links":{"self":[{"href":"https:\/\/kimmidoll.hu\/en\/wp-json\/wp\/v2\/product\/912"}],"collection":[{"href":"https:\/\/kimmidoll.hu\/en\/wp-json\/wp\/v2\/product"}],"about":[{"href":"https:\/\/kimmidoll.hu\/en\/wp-json\/wp\/v2\/types\/product"}],"replies":[{"embeddable":true,"href":"https:\/\/kimmidoll.hu\/en\/wp-json\/wp\/v2\/comments?post=912"}],"wp:featuredmedia":[{"embeddable":true,"href":"https:\/\/kimmidoll.hu\/en\/wp-json\/wp\/v2\/media\/913"}],"wp:attachment":[{"href":"https:\/\/kimmidoll.hu\/en\/wp-json\/wp\/v2\/media?parent=912"}],"wp:term":[{"taxonomy":"product_cat","embeddable":true,"href":"https:\/\/kimmidoll.hu\/en\/wp-json\/wp\/v2\/product_cat?post=912"},{"taxonomy":"product_tag","embeddable":true,"href":"https:\/\/kimmidoll.hu\/en\/wp-json\/wp\/v2\/product_tag?post=912"}],"curies":[{"name":"wp","href":"https:\/\/api.w.org\/{rel}","templated":true}]}}