{"id":908,"date":"2016-09-26T08:34:31","date_gmt":"2016-09-26T08:34:31","guid":{"rendered":"http:\/\/kimmidoll.hu\/shop\/ajtofuggo-jasmine\/"},"modified":"2021-05-10T06:39:16","modified_gmt":"2021-05-10T06:39:16","slug":"ajtofuggo-jasmine","status":"publish","type":"product","link":"https:\/\/kimmidoll.hu\/en\/shop\/ajtofuggo-jasmine\/","title":{"rendered":"Ajt\u00f3f\u00fcgg\u0151 &#8211; Jasmine"},"content":{"rendered":"<p>Kimmidoll Ajt\u00f3f\u00fcgg\u0151 &#8211; Jasmine<\/p>\n","protected":false},"excerpt":{"rendered":"<p>Door hanger &#8211; Jasmine<\/p>\n","protected":false},"featured_media":909,"comment_status":"closed","ping_status":"closed","template":"","meta":[],"product_cat":[36,56],"product_tag":[37,57,33],"aioseo_notices":[],"_links":{"self":[{"href":"https:\/\/kimmidoll.hu\/en\/wp-json\/wp\/v2\/product\/908"}],"collection":[{"href":"https:\/\/kimmidoll.hu\/en\/wp-json\/wp\/v2\/product"}],"about":[{"href":"https:\/\/kimmidoll.hu\/en\/wp-json\/wp\/v2\/types\/product"}],"replies":[{"embeddable":true,"href":"https:\/\/kimmidoll.hu\/en\/wp-json\/wp\/v2\/comments?post=908"}],"wp:featuredmedia":[{"embeddable":true,"href":"https:\/\/kimmidoll.hu\/en\/wp-json\/wp\/v2\/media\/909"}],"wp:attachment":[{"href":"https:\/\/kimmidoll.hu\/en\/wp-json\/wp\/v2\/media?parent=908"}],"wp:term":[{"taxonomy":"product_cat","embeddable":true,"href":"https:\/\/kimmidoll.hu\/en\/wp-json\/wp\/v2\/product_cat?post=908"},{"taxonomy":"product_tag","embeddable":true,"href":"https:\/\/kimmidoll.hu\/en\/wp-json\/wp\/v2\/product_tag?post=908"}],"curies":[{"name":"wp","href":"https:\/\/api.w.org\/{rel}","templated":true}]}}