{"id":849,"date":"2016-09-22T09:09:26","date_gmt":"2016-09-22T09:09:26","guid":{"rendered":"http:\/\/kimmidoll.hu\/shop\/mani-cica-17\/"},"modified":"2024-09-22T19:12:18","modified_gmt":"2024-09-22T19:12:18","slug":"mani-cica-17","status":"publish","type":"product","link":"https:\/\/kimmidoll.hu\/en\/shop\/mani-cica-17\/","title":{"rendered":"Mani cica 17 MLCF"},"content":{"rendered":"<p>Kimmidoll Mani cica 17, magass\u00e1g: 110 mm, nyak\u00f6rv\u00e9re k\u00edv\u00e1ns\u00e1g charm akaszthat\u00f3<\/p>\n","protected":false},"excerpt":{"rendered":"<p>Kimmidoll Mani cica 17, magass\u00e1g: 110 mm, nyak\u00f6rv\u00e9re k\u00edv\u00e1ns\u00e1g charm akaszthat\u00f3<\/p>\n","protected":false},"featured_media":847,"comment_status":"closed","ping_status":"closed","template":"","meta":[],"product_cat":[20,60],"product_tag":[61,53],"aioseo_notices":[],"_links":{"self":[{"href":"https:\/\/kimmidoll.hu\/en\/wp-json\/wp\/v2\/product\/849"}],"collection":[{"href":"https:\/\/kimmidoll.hu\/en\/wp-json\/wp\/v2\/product"}],"about":[{"href":"https:\/\/kimmidoll.hu\/en\/wp-json\/wp\/v2\/types\/product"}],"replies":[{"embeddable":true,"href":"https:\/\/kimmidoll.hu\/en\/wp-json\/wp\/v2\/comments?post=849"}],"wp:featuredmedia":[{"embeddable":true,"href":"https:\/\/kimmidoll.hu\/en\/wp-json\/wp\/v2\/media\/847"}],"wp:attachment":[{"href":"https:\/\/kimmidoll.hu\/en\/wp-json\/wp\/v2\/media?parent=849"}],"wp:term":[{"taxonomy":"product_cat","embeddable":true,"href":"https:\/\/kimmidoll.hu\/en\/wp-json\/wp\/v2\/product_cat?post=849"},{"taxonomy":"product_tag","embeddable":true,"href":"https:\/\/kimmidoll.hu\/en\/wp-json\/wp\/v2\/product_tag?post=849"}],"curies":[{"name":"wp","href":"https:\/\/api.w.org\/{rel}","templated":true}]}}