{"id":844,"date":"2016-09-22T09:05:39","date_gmt":"2016-09-22T09:05:39","guid":{"rendered":"http:\/\/kimmidoll.hu\/shop\/mani-cica-13\/"},"modified":"2025-08-23T20:27:44","modified_gmt":"2025-08-23T20:27:44","slug":"mani-cica-13","status":"publish","type":"product","link":"https:\/\/kimmidoll.hu\/en\/shop\/mani-cica-13\/","title":{"rendered":"Mani cica 13"},"content":{"rendered":"<p>Kimmidoll Mani cica 13, magass\u00e1g: 110 mm, nyak\u00f6rv\u00e9re k\u00edv\u00e1ns\u00e1g charm akaszthat\u00f3<\/p>\n","protected":false},"excerpt":{"rendered":"<p class=\"qtranxs-available-languages-message qtranxs-available-languages-message-en\">Sorry, this entry is only available in <a href=\"https:\/\/kimmidoll.hu\/hu\/wp-json\/wp\/v2\/product\/844\" class=\"qtranxs-available-language-link qtranxs-available-language-link-hu\" title=\"Magyar\">Hungarian<\/a>.<\/p>\n","protected":false},"featured_media":845,"comment_status":"closed","ping_status":"closed","template":"","meta":[],"product_cat":[20,60],"product_tag":[61,53],"aioseo_notices":[],"_links":{"self":[{"href":"https:\/\/kimmidoll.hu\/en\/wp-json\/wp\/v2\/product\/844"}],"collection":[{"href":"https:\/\/kimmidoll.hu\/en\/wp-json\/wp\/v2\/product"}],"about":[{"href":"https:\/\/kimmidoll.hu\/en\/wp-json\/wp\/v2\/types\/product"}],"replies":[{"embeddable":true,"href":"https:\/\/kimmidoll.hu\/en\/wp-json\/wp\/v2\/comments?post=844"}],"wp:featuredmedia":[{"embeddable":true,"href":"https:\/\/kimmidoll.hu\/en\/wp-json\/wp\/v2\/media\/845"}],"wp:attachment":[{"href":"https:\/\/kimmidoll.hu\/en\/wp-json\/wp\/v2\/media?parent=844"}],"wp:term":[{"taxonomy":"product_cat","embeddable":true,"href":"https:\/\/kimmidoll.hu\/en\/wp-json\/wp\/v2\/product_cat?post=844"},{"taxonomy":"product_tag","embeddable":true,"href":"https:\/\/kimmidoll.hu\/en\/wp-json\/wp\/v2\/product_tag?post=844"}],"curies":[{"name":"wp","href":"https:\/\/api.w.org\/{rel}","templated":true}]}}