{"id":818,"date":"2016-09-22T08:02:21","date_gmt":"2016-09-22T08:02:21","guid":{"rendered":"http:\/\/kimmidoll.hu\/shop\/azumi-3d-kulcstarto-masolat\/"},"modified":"2019-12-09T18:36:11","modified_gmt":"2019-12-09T18:36:11","slug":"azumi-3d-kulcstarto-masolat","status":"publish","type":"product","link":"https:\/\/kimmidoll.hu\/en\/shop\/azumi-3d-kulcstarto-masolat\/","title":{"rendered":"Azumi 3D kulcstart\u00f3"},"content":{"rendered":"<p>Kimmidoll Azumi 3D kulcstart\u00f3, baba m\u00e9rete: 5cm + f\u00e9m l\u00e1nc<\/p>\n","protected":false},"excerpt":{"rendered":"<p class=\"qtranxs-available-languages-message qtranxs-available-languages-message-en\">Sorry, this entry is only available in <a href=\"https:\/\/kimmidoll.hu\/hu\/wp-json\/wp\/v2\/product\/818\" class=\"qtranxs-available-language-link qtranxs-available-language-link-hu\" title=\"Magyar\">Hungarian<\/a>.<\/p>\n","protected":false},"featured_media":815,"comment_status":"closed","ping_status":"closed","template":"","meta":[],"product_cat":[119],"product_tag":[53],"aioseo_notices":[],"_links":{"self":[{"href":"https:\/\/kimmidoll.hu\/en\/wp-json\/wp\/v2\/product\/818"}],"collection":[{"href":"https:\/\/kimmidoll.hu\/en\/wp-json\/wp\/v2\/product"}],"about":[{"href":"https:\/\/kimmidoll.hu\/en\/wp-json\/wp\/v2\/types\/product"}],"replies":[{"embeddable":true,"href":"https:\/\/kimmidoll.hu\/en\/wp-json\/wp\/v2\/comments?post=818"}],"wp:featuredmedia":[{"embeddable":true,"href":"https:\/\/kimmidoll.hu\/en\/wp-json\/wp\/v2\/media\/815"}],"wp:attachment":[{"href":"https:\/\/kimmidoll.hu\/en\/wp-json\/wp\/v2\/media?parent=818"}],"wp:term":[{"taxonomy":"product_cat","embeddable":true,"href":"https:\/\/kimmidoll.hu\/en\/wp-json\/wp\/v2\/product_cat?post=818"},{"taxonomy":"product_tag","embeddable":true,"href":"https:\/\/kimmidoll.hu\/en\/wp-json\/wp\/v2\/product_tag?post=818"}],"curies":[{"name":"wp","href":"https:\/\/api.w.org\/{rel}","templated":true}]}}