{"id":785,"date":"2016-09-21T12:30:48","date_gmt":"2016-09-21T12:30:48","guid":{"rendered":"http:\/\/kimmidoll.hu\/shop\/masami-limitalt-elegans-szepseg\/"},"modified":"2022-12-26T16:59:07","modified_gmt":"2022-12-26T16:59:07","slug":"masami-limitalt-elegans-szepseg","status":"publish","type":"product","link":"https:\/\/kimmidoll.hu\/en\/shop\/masami-limitalt-elegans-szepseg\/","title":{"rendered":"Masami limit\u00e1lt &#8216;eleg\u00e1ns sz\u00e9ps\u00e9g&#8217;"},"content":{"rendered":"<p>Kimmidoll Masami limit\u00e1lt &#8216;eleg\u00e1ns sz\u00e9ps\u00e9g&#8217; M\u00e9retek: magass\u00e1g: 15,5cm \/ Swarovski krist\u00e1lyokkal d\u00edsz\u00edtve<\/p>\n","protected":false},"excerpt":{"rendered":"<p class=\"qtranxs-available-languages-message qtranxs-available-languages-message-en\">Sorry, this entry is only available in <a href=\"https:\/\/kimmidoll.hu\/hu\/wp-json\/wp\/v2\/product\/785\" class=\"qtranxs-available-language-link qtranxs-available-language-link-hu\" title=\"Magyar\">Hungarian<\/a>.<\/p>\n","protected":false},"featured_media":787,"comment_status":"closed","ping_status":"closed","template":"","meta":[],"product_cat":[119],"product_tag":[53],"aioseo_notices":[],"_links":{"self":[{"href":"https:\/\/kimmidoll.hu\/en\/wp-json\/wp\/v2\/product\/785"}],"collection":[{"href":"https:\/\/kimmidoll.hu\/en\/wp-json\/wp\/v2\/product"}],"about":[{"href":"https:\/\/kimmidoll.hu\/en\/wp-json\/wp\/v2\/types\/product"}],"replies":[{"embeddable":true,"href":"https:\/\/kimmidoll.hu\/en\/wp-json\/wp\/v2\/comments?post=785"}],"wp:featuredmedia":[{"embeddable":true,"href":"https:\/\/kimmidoll.hu\/en\/wp-json\/wp\/v2\/media\/787"}],"wp:attachment":[{"href":"https:\/\/kimmidoll.hu\/en\/wp-json\/wp\/v2\/media?parent=785"}],"wp:term":[{"taxonomy":"product_cat","embeddable":true,"href":"https:\/\/kimmidoll.hu\/en\/wp-json\/wp\/v2\/product_cat?post=785"},{"taxonomy":"product_tag","embeddable":true,"href":"https:\/\/kimmidoll.hu\/en\/wp-json\/wp\/v2\/product_tag?post=785"}],"curies":[{"name":"wp","href":"https:\/\/api.w.org\/{rel}","templated":true}]}}