{"id":773,"date":"2016-09-21T08:24:51","date_gmt":"2016-09-21T08:24:51","guid":{"rendered":"http:\/\/kimmidoll.hu\/shop\/yoshimi-tukor\/"},"modified":"2021-01-18T11:18:31","modified_gmt":"2021-01-18T11:18:31","slug":"yoshimi-tukor","status":"publish","type":"product","link":"https:\/\/kimmidoll.hu\/en\/shop\/yoshimi-tukor\/","title":{"rendered":"Yoshimi t\u00fck\u00f6r"},"content":{"rendered":"<p>Kimmidoll Yoshimi t\u00fck\u00f6r, 6,8cm \u00e1tm\u00e9r\u0151 \/ egyik fele nagy\u00edt\u00f3s<\/p>\n","protected":false},"excerpt":{"rendered":"<p>Kimmidoll Yoshimi t\u00fck\u00f6r, 6,8cm \u00e1tm\u00e9r\u0151 \/ egyik fele nagy\u00edt\u00f3s<\/p>\n","protected":false},"featured_media":1717,"comment_status":"closed","ping_status":"closed","template":"","meta":[],"product_cat":[86,56],"product_tag":[53],"aioseo_notices":[],"_links":{"self":[{"href":"https:\/\/kimmidoll.hu\/en\/wp-json\/wp\/v2\/product\/773"}],"collection":[{"href":"https:\/\/kimmidoll.hu\/en\/wp-json\/wp\/v2\/product"}],"about":[{"href":"https:\/\/kimmidoll.hu\/en\/wp-json\/wp\/v2\/types\/product"}],"replies":[{"embeddable":true,"href":"https:\/\/kimmidoll.hu\/en\/wp-json\/wp\/v2\/comments?post=773"}],"wp:featuredmedia":[{"embeddable":true,"href":"https:\/\/kimmidoll.hu\/en\/wp-json\/wp\/v2\/media\/1717"}],"wp:attachment":[{"href":"https:\/\/kimmidoll.hu\/en\/wp-json\/wp\/v2\/media?parent=773"}],"wp:term":[{"taxonomy":"product_cat","embeddable":true,"href":"https:\/\/kimmidoll.hu\/en\/wp-json\/wp\/v2\/product_cat?post=773"},{"taxonomy":"product_tag","embeddable":true,"href":"https:\/\/kimmidoll.hu\/en\/wp-json\/wp\/v2\/product_tag?post=773"}],"curies":[{"name":"wp","href":"https:\/\/api.w.org\/{rel}","templated":true}]}}