{"id":752,"date":"2016-09-20T13:15:27","date_gmt":"2016-09-20T13:15:27","guid":{"rendered":"http:\/\/kimmidoll.hu\/shop\/kayo-maxi-szepseges\/"},"modified":"2017-12-13T16:07:42","modified_gmt":"2017-12-13T16:07:42","slug":"kayo-maxi-szepseges","status":"publish","type":"product","link":"https:\/\/kimmidoll.hu\/en\/shop\/kayo-maxi-szepseges\/","title":{"rendered":"Kayo maxi &#8220;sz\u00e9ps\u00e9ges&#8221;"},"content":{"rendered":"<p>Kimmidoll Zsepitart\u00f3 &#8211; Yuna<\/p>\n","protected":false},"excerpt":{"rendered":"<p class=\"qtranxs-available-languages-message qtranxs-available-languages-message-en\">Sorry, this entry is only available in <a href=\"https:\/\/kimmidoll.hu\/hu\/wp-json\/wp\/v2\/product\/752\" class=\"qtranxs-available-language-link qtranxs-available-language-link-hu\" title=\"Magyar\">Hungarian<\/a>.<\/p>\n","protected":false},"featured_media":753,"comment_status":"closed","ping_status":"closed","template":"","meta":[],"product_cat":[119],"product_tag":[53],"aioseo_notices":[],"_links":{"self":[{"href":"https:\/\/kimmidoll.hu\/en\/wp-json\/wp\/v2\/product\/752"}],"collection":[{"href":"https:\/\/kimmidoll.hu\/en\/wp-json\/wp\/v2\/product"}],"about":[{"href":"https:\/\/kimmidoll.hu\/en\/wp-json\/wp\/v2\/types\/product"}],"replies":[{"embeddable":true,"href":"https:\/\/kimmidoll.hu\/en\/wp-json\/wp\/v2\/comments?post=752"}],"wp:featuredmedia":[{"embeddable":true,"href":"https:\/\/kimmidoll.hu\/en\/wp-json\/wp\/v2\/media\/753"}],"wp:attachment":[{"href":"https:\/\/kimmidoll.hu\/en\/wp-json\/wp\/v2\/media?parent=752"}],"wp:term":[{"taxonomy":"product_cat","embeddable":true,"href":"https:\/\/kimmidoll.hu\/en\/wp-json\/wp\/v2\/product_cat?post=752"},{"taxonomy":"product_tag","embeddable":true,"href":"https:\/\/kimmidoll.hu\/en\/wp-json\/wp\/v2\/product_tag?post=752"}],"curies":[{"name":"wp","href":"https:\/\/api.w.org\/{rel}","templated":true}]}}