{"id":713,"date":"2016-09-16T13:53:53","date_gmt":"2016-09-16T13:53:53","guid":{"rendered":"http:\/\/kimmidoll.hu\/?post_type=product&#038;p=713"},"modified":"2024-05-18T14:40:07","modified_gmt":"2024-05-18T14:40:07","slug":"ekszertarto-yuka","status":"publish","type":"product","link":"https:\/\/kimmidoll.hu\/en\/shop\/ekszertarto-yuka\/","title":{"rendered":"\u00c9kszertart\u00f3 &#8211; Yuka"},"content":{"rendered":"<p>Kimmidoll t\u00fckr\u00f6s \u00e9kszertart\u00f3 &#8211; Yuka, 20x13x8,5cm, fels\u0151 rekesz kiemelhet\u0151<\/p>\n","protected":false},"excerpt":{"rendered":"<p>Jewellery box &#8211; Yuka<\/p>\n","protected":false},"featured_media":714,"comment_status":"closed","ping_status":"closed","template":"","meta":[],"product_cat":[26,27],"product_tag":[28,63],"aioseo_notices":[],"_links":{"self":[{"href":"https:\/\/kimmidoll.hu\/en\/wp-json\/wp\/v2\/product\/713"}],"collection":[{"href":"https:\/\/kimmidoll.hu\/en\/wp-json\/wp\/v2\/product"}],"about":[{"href":"https:\/\/kimmidoll.hu\/en\/wp-json\/wp\/v2\/types\/product"}],"replies":[{"embeddable":true,"href":"https:\/\/kimmidoll.hu\/en\/wp-json\/wp\/v2\/comments?post=713"}],"wp:featuredmedia":[{"embeddable":true,"href":"https:\/\/kimmidoll.hu\/en\/wp-json\/wp\/v2\/media\/714"}],"wp:attachment":[{"href":"https:\/\/kimmidoll.hu\/en\/wp-json\/wp\/v2\/media?parent=713"}],"wp:term":[{"taxonomy":"product_cat","embeddable":true,"href":"https:\/\/kimmidoll.hu\/en\/wp-json\/wp\/v2\/product_cat?post=713"},{"taxonomy":"product_tag","embeddable":true,"href":"https:\/\/kimmidoll.hu\/en\/wp-json\/wp\/v2\/product_tag?post=713"}],"curies":[{"name":"wp","href":"https:\/\/api.w.org\/{rel}","templated":true}]}}