{"id":707,"date":"2016-09-16T12:44:02","date_gmt":"2016-09-16T12:44:02","guid":{"rendered":"http:\/\/kimmidoll.hu\/?post_type=product&#038;p=707"},"modified":"2020-02-05T11:42:28","modified_gmt":"2020-02-05T11:42:28","slug":"ekszertarto-mihoko","status":"publish","type":"product","link":"https:\/\/kimmidoll.hu\/en\/shop\/ekszertarto-mihoko\/","title":{"rendered":"\u00c9kszertart\u00f3 &#8211; Kazumi"},"content":{"rendered":"<p>Kimmidoll t\u00fckr\u00f6s \u00e9kszertart\u00f3 &#8211; Mihoko, 20x13x8,5cm, fels\u0151 rekesz kiemelhet\u0151<\/p>\n","protected":false},"excerpt":{"rendered":"<p>Jewellery box &#8211; Mihoko<\/p>\n","protected":false},"featured_media":708,"comment_status":"closed","ping_status":"closed","template":"","meta":[],"product_cat":[26,27],"product_tag":[28,63],"aioseo_notices":[],"_links":{"self":[{"href":"https:\/\/kimmidoll.hu\/en\/wp-json\/wp\/v2\/product\/707"}],"collection":[{"href":"https:\/\/kimmidoll.hu\/en\/wp-json\/wp\/v2\/product"}],"about":[{"href":"https:\/\/kimmidoll.hu\/en\/wp-json\/wp\/v2\/types\/product"}],"replies":[{"embeddable":true,"href":"https:\/\/kimmidoll.hu\/en\/wp-json\/wp\/v2\/comments?post=707"}],"wp:featuredmedia":[{"embeddable":true,"href":"https:\/\/kimmidoll.hu\/en\/wp-json\/wp\/v2\/media\/708"}],"wp:attachment":[{"href":"https:\/\/kimmidoll.hu\/en\/wp-json\/wp\/v2\/media?parent=707"}],"wp:term":[{"taxonomy":"product_cat","embeddable":true,"href":"https:\/\/kimmidoll.hu\/en\/wp-json\/wp\/v2\/product_cat?post=707"},{"taxonomy":"product_tag","embeddable":true,"href":"https:\/\/kimmidoll.hu\/en\/wp-json\/wp\/v2\/product_tag?post=707"}],"curies":[{"name":"wp","href":"https:\/\/api.w.org\/{rel}","templated":true}]}}