{"id":703,"date":"2016-09-16T12:37:57","date_gmt":"2016-09-16T12:37:57","guid":{"rendered":"http:\/\/kimmidoll.hu\/?post_type=product&#038;p=703"},"modified":"2016-12-23T13:43:52","modified_gmt":"2016-12-23T13:43:52","slug":"ekszertarto-kazumi","status":"publish","type":"product","link":"https:\/\/kimmidoll.hu\/en\/shop\/ekszertarto-kazumi\/","title":{"rendered":"\u00c9kszertart\u00f3 &#8211; Kazumi"},"content":{"rendered":"<p>Kimmidoll t\u00fckr\u00f6s \u00e9kszertart\u00f3 &#8211; Kazumi, 15&#215;12,5x13cm<\/p>\n","protected":false},"excerpt":{"rendered":"<p>Jewellery box &#8211; kazumi<\/p>\n","protected":false},"featured_media":704,"comment_status":"closed","ping_status":"closed","template":"","meta":[],"product_cat":[26,27],"product_tag":[28,63],"aioseo_notices":[],"_links":{"self":[{"href":"https:\/\/kimmidoll.hu\/en\/wp-json\/wp\/v2\/product\/703"}],"collection":[{"href":"https:\/\/kimmidoll.hu\/en\/wp-json\/wp\/v2\/product"}],"about":[{"href":"https:\/\/kimmidoll.hu\/en\/wp-json\/wp\/v2\/types\/product"}],"replies":[{"embeddable":true,"href":"https:\/\/kimmidoll.hu\/en\/wp-json\/wp\/v2\/comments?post=703"}],"wp:featuredmedia":[{"embeddable":true,"href":"https:\/\/kimmidoll.hu\/en\/wp-json\/wp\/v2\/media\/704"}],"wp:attachment":[{"href":"https:\/\/kimmidoll.hu\/en\/wp-json\/wp\/v2\/media?parent=703"}],"wp:term":[{"taxonomy":"product_cat","embeddable":true,"href":"https:\/\/kimmidoll.hu\/en\/wp-json\/wp\/v2\/product_cat?post=703"},{"taxonomy":"product_tag","embeddable":true,"href":"https:\/\/kimmidoll.hu\/en\/wp-json\/wp\/v2\/product_tag?post=703"}],"curies":[{"name":"wp","href":"https:\/\/api.w.org\/{rel}","templated":true}]}}