{"id":700,"date":"2016-09-16T12:31:41","date_gmt":"2016-09-16T12:31:41","guid":{"rendered":"http:\/\/kimmidoll.hu\/?post_type=product&#038;p=700"},"modified":"2026-03-30T08:38:52","modified_gmt":"2026-03-30T08:38:52","slug":"ekszertarto-haruyo","status":"publish","type":"product","link":"https:\/\/kimmidoll.hu\/en\/shop\/ekszertarto-haruyo\/","title":{"rendered":"\u00c9kszertart\u00f3 &#8211; Haruyo"},"content":{"rendered":"<p>Kimmidoll t\u00fckr\u00f6s \u00e9kszertart\u00f3 &#8211; Haruyo, 20&#215;8,5x13cm<\/p>\n","protected":false},"excerpt":{"rendered":"<p>Jewellery box &#8211; Haruyo<\/p>\n","protected":false},"featured_media":701,"comment_status":"closed","ping_status":"closed","template":"","meta":[],"product_cat":[26,27],"product_tag":[28,63],"aioseo_notices":[],"_links":{"self":[{"href":"https:\/\/kimmidoll.hu\/en\/wp-json\/wp\/v2\/product\/700"}],"collection":[{"href":"https:\/\/kimmidoll.hu\/en\/wp-json\/wp\/v2\/product"}],"about":[{"href":"https:\/\/kimmidoll.hu\/en\/wp-json\/wp\/v2\/types\/product"}],"replies":[{"embeddable":true,"href":"https:\/\/kimmidoll.hu\/en\/wp-json\/wp\/v2\/comments?post=700"}],"wp:featuredmedia":[{"embeddable":true,"href":"https:\/\/kimmidoll.hu\/en\/wp-json\/wp\/v2\/media\/701"}],"wp:attachment":[{"href":"https:\/\/kimmidoll.hu\/en\/wp-json\/wp\/v2\/media?parent=700"}],"wp:term":[{"taxonomy":"product_cat","embeddable":true,"href":"https:\/\/kimmidoll.hu\/en\/wp-json\/wp\/v2\/product_cat?post=700"},{"taxonomy":"product_tag","embeddable":true,"href":"https:\/\/kimmidoll.hu\/en\/wp-json\/wp\/v2\/product_tag?post=700"}],"curies":[{"name":"wp","href":"https:\/\/api.w.org\/{rel}","templated":true}]}}