{"id":696,"date":"2016-09-16T12:24:51","date_gmt":"2016-09-16T12:24:51","guid":{"rendered":"http:\/\/kimmidoll.hu\/?post_type=product&#038;p=696"},"modified":"2016-09-28T11:49:31","modified_gmt":"2016-09-28T11:49:31","slug":"ekszertarto-airi","status":"publish","type":"product","link":"https:\/\/kimmidoll.hu\/en\/shop\/ekszertarto-airi\/","title":{"rendered":"\u00c9kszertart\u00f3 &#8211; Airi"},"content":{"rendered":"<p>Kimmidoll t\u00fckr\u00f6s \u00e9kszertart\u00f3 &#8211; Airi, 15&#215;12,5x13cm<\/p>\n","protected":false},"excerpt":{"rendered":"<p>Jewellery box &#8211; Airi<\/p>\n","protected":false},"featured_media":697,"comment_status":"closed","ping_status":"closed","template":"","meta":[],"product_cat":[26,27],"product_tag":[28,63],"aioseo_notices":[],"_links":{"self":[{"href":"https:\/\/kimmidoll.hu\/en\/wp-json\/wp\/v2\/product\/696"}],"collection":[{"href":"https:\/\/kimmidoll.hu\/en\/wp-json\/wp\/v2\/product"}],"about":[{"href":"https:\/\/kimmidoll.hu\/en\/wp-json\/wp\/v2\/types\/product"}],"replies":[{"embeddable":true,"href":"https:\/\/kimmidoll.hu\/en\/wp-json\/wp\/v2\/comments?post=696"}],"wp:featuredmedia":[{"embeddable":true,"href":"https:\/\/kimmidoll.hu\/en\/wp-json\/wp\/v2\/media\/697"}],"wp:attachment":[{"href":"https:\/\/kimmidoll.hu\/en\/wp-json\/wp\/v2\/media?parent=696"}],"wp:term":[{"taxonomy":"product_cat","embeddable":true,"href":"https:\/\/kimmidoll.hu\/en\/wp-json\/wp\/v2\/product_cat?post=696"},{"taxonomy":"product_tag","embeddable":true,"href":"https:\/\/kimmidoll.hu\/en\/wp-json\/wp\/v2\/product_tag?post=696"}],"curies":[{"name":"wp","href":"https:\/\/api.w.org\/{rel}","templated":true}]}}