{"id":694,"date":"2016-09-16T12:16:38","date_gmt":"2016-09-16T12:16:38","guid":{"rendered":"http:\/\/kimmidoll.hu\/?post_type=product&#038;p=694"},"modified":"2022-11-28T21:32:46","modified_gmt":"2022-11-28T21:32:46","slug":"doboz-namika","status":"publish","type":"product","link":"https:\/\/kimmidoll.hu\/en\/shop\/doboz-namika\/","title":{"rendered":"B\u00f6gre &#8211; Tomona"},"content":{"rendered":"<p>T\u00e1rol\u00f3 &#8211; Namika \/ karton, 24x24x30cm<\/p>\n","protected":false},"excerpt":{"rendered":"<p>Bin &#8211; Namika<\/p>\n","protected":false},"featured_media":695,"comment_status":"closed","ping_status":"closed","template":"","meta":[],"product_cat":[86,56,27],"product_tag":[63],"aioseo_notices":[],"_links":{"self":[{"href":"https:\/\/kimmidoll.hu\/en\/wp-json\/wp\/v2\/product\/694"}],"collection":[{"href":"https:\/\/kimmidoll.hu\/en\/wp-json\/wp\/v2\/product"}],"about":[{"href":"https:\/\/kimmidoll.hu\/en\/wp-json\/wp\/v2\/types\/product"}],"replies":[{"embeddable":true,"href":"https:\/\/kimmidoll.hu\/en\/wp-json\/wp\/v2\/comments?post=694"}],"wp:featuredmedia":[{"embeddable":true,"href":"https:\/\/kimmidoll.hu\/en\/wp-json\/wp\/v2\/media\/695"}],"wp:attachment":[{"href":"https:\/\/kimmidoll.hu\/en\/wp-json\/wp\/v2\/media?parent=694"}],"wp:term":[{"taxonomy":"product_cat","embeddable":true,"href":"https:\/\/kimmidoll.hu\/en\/wp-json\/wp\/v2\/product_cat?post=694"},{"taxonomy":"product_tag","embeddable":true,"href":"https:\/\/kimmidoll.hu\/en\/wp-json\/wp\/v2\/product_tag?post=694"}],"curies":[{"name":"wp","href":"https:\/\/api.w.org\/{rel}","templated":true}]}}