{"id":692,"date":"2016-09-16T12:11:47","date_gmt":"2016-09-16T12:11:47","guid":{"rendered":"http:\/\/kimmidoll.hu\/?post_type=product&#038;p=692"},"modified":"2020-05-14T12:14:33","modified_gmt":"2020-05-14T12:14:33","slug":"doboz-kazumi","status":"publish","type":"product","link":"https:\/\/kimmidoll.hu\/en\/shop\/doboz-kazumi\/","title":{"rendered":"B\u00f6gre &#8211; Tomona"},"content":{"rendered":"<p>T\u00e1rol\u00f3 &#8211; Kazumi \/ karton, 24x24x30cm<\/p>\n","protected":false},"excerpt":{"rendered":"<p>Bin &#8211; Kazumi<\/p>\n","protected":false},"featured_media":693,"comment_status":"closed","ping_status":"closed","template":"","meta":[],"product_cat":[86,56,27],"product_tag":[63],"aioseo_notices":[],"_links":{"self":[{"href":"https:\/\/kimmidoll.hu\/en\/wp-json\/wp\/v2\/product\/692"}],"collection":[{"href":"https:\/\/kimmidoll.hu\/en\/wp-json\/wp\/v2\/product"}],"about":[{"href":"https:\/\/kimmidoll.hu\/en\/wp-json\/wp\/v2\/types\/product"}],"replies":[{"embeddable":true,"href":"https:\/\/kimmidoll.hu\/en\/wp-json\/wp\/v2\/comments?post=692"}],"wp:featuredmedia":[{"embeddable":true,"href":"https:\/\/kimmidoll.hu\/en\/wp-json\/wp\/v2\/media\/693"}],"wp:attachment":[{"href":"https:\/\/kimmidoll.hu\/en\/wp-json\/wp\/v2\/media?parent=692"}],"wp:term":[{"taxonomy":"product_cat","embeddable":true,"href":"https:\/\/kimmidoll.hu\/en\/wp-json\/wp\/v2\/product_cat?post=692"},{"taxonomy":"product_tag","embeddable":true,"href":"https:\/\/kimmidoll.hu\/en\/wp-json\/wp\/v2\/product_tag?post=692"}],"curies":[{"name":"wp","href":"https:\/\/api.w.org\/{rel}","templated":true}]}}