{"id":660,"date":"2016-08-26T05:42:31","date_gmt":"2016-08-26T05:42:31","guid":{"rendered":"http:\/\/kimmidoll.hu\/?post_type=product&#038;p=660"},"modified":"2025-04-29T10:56:10","modified_gmt":"2025-04-29T10:56:10","slug":"taska-mizuyo","status":"publish","type":"product","link":"https:\/\/kimmidoll.hu\/en\/shop\/taska-mizuyo\/","title":{"rendered":"T\u00e1ska &#8211; Mizuyo"},"content":{"rendered":"<p>Kimmidoll T\u00e1ska &#8211; Mizuyo, 41 x 39 x 14 cm, v\u00e1szon<\/p>\n","protected":false},"excerpt":{"rendered":"<p>Tote bag &#8211; Mizuyo<\/p>\n","protected":false},"featured_media":661,"comment_status":"closed","ping_status":"closed","template":"","meta":[],"product_cat":[83,56],"product_tag":[84,57],"aioseo_notices":[],"_links":{"self":[{"href":"https:\/\/kimmidoll.hu\/en\/wp-json\/wp\/v2\/product\/660"}],"collection":[{"href":"https:\/\/kimmidoll.hu\/en\/wp-json\/wp\/v2\/product"}],"about":[{"href":"https:\/\/kimmidoll.hu\/en\/wp-json\/wp\/v2\/types\/product"}],"replies":[{"embeddable":true,"href":"https:\/\/kimmidoll.hu\/en\/wp-json\/wp\/v2\/comments?post=660"}],"wp:featuredmedia":[{"embeddable":true,"href":"https:\/\/kimmidoll.hu\/en\/wp-json\/wp\/v2\/media\/661"}],"wp:attachment":[{"href":"https:\/\/kimmidoll.hu\/en\/wp-json\/wp\/v2\/media?parent=660"}],"wp:term":[{"taxonomy":"product_cat","embeddable":true,"href":"https:\/\/kimmidoll.hu\/en\/wp-json\/wp\/v2\/product_cat?post=660"},{"taxonomy":"product_tag","embeddable":true,"href":"https:\/\/kimmidoll.hu\/en\/wp-json\/wp\/v2\/product_tag?post=660"}],"curies":[{"name":"wp","href":"https:\/\/api.w.org\/{rel}","templated":true}]}}