{"id":658,"date":"2016-08-26T05:37:46","date_gmt":"2016-08-26T05:37:46","guid":{"rendered":"http:\/\/kimmidoll.hu\/?post_type=product&#038;p=658"},"modified":"2025-12-16T12:30:39","modified_gmt":"2025-12-16T12:30:39","slug":"taska-mihoko","status":"publish","type":"product","link":"https:\/\/kimmidoll.hu\/en\/shop\/taska-mihoko\/","title":{"rendered":"T\u00e1ska &#8211; Mihoko"},"content":{"rendered":"<p>Kimmidoll T\u00e1ska &#8211; Mihoko, 41 x 39 x 14 cm, v\u00e1szon<\/p>\n","protected":false},"excerpt":{"rendered":"<p>Tote bag &#8211; Mihoko<\/p>\n","protected":false},"featured_media":659,"comment_status":"closed","ping_status":"closed","template":"","meta":[],"product_cat":[54],"product_tag":[55],"aioseo_notices":[],"_links":{"self":[{"href":"https:\/\/kimmidoll.hu\/en\/wp-json\/wp\/v2\/product\/658"}],"collection":[{"href":"https:\/\/kimmidoll.hu\/en\/wp-json\/wp\/v2\/product"}],"about":[{"href":"https:\/\/kimmidoll.hu\/en\/wp-json\/wp\/v2\/types\/product"}],"replies":[{"embeddable":true,"href":"https:\/\/kimmidoll.hu\/en\/wp-json\/wp\/v2\/comments?post=658"}],"wp:featuredmedia":[{"embeddable":true,"href":"https:\/\/kimmidoll.hu\/en\/wp-json\/wp\/v2\/media\/659"}],"wp:attachment":[{"href":"https:\/\/kimmidoll.hu\/en\/wp-json\/wp\/v2\/media?parent=658"}],"wp:term":[{"taxonomy":"product_cat","embeddable":true,"href":"https:\/\/kimmidoll.hu\/en\/wp-json\/wp\/v2\/product_cat?post=658"},{"taxonomy":"product_tag","embeddable":true,"href":"https:\/\/kimmidoll.hu\/en\/wp-json\/wp\/v2\/product_tag?post=658"}],"curies":[{"name":"wp","href":"https:\/\/api.w.org\/{rel}","templated":true}]}}