{"id":649,"date":"2016-08-25T19:34:07","date_gmt":"2016-08-25T19:34:07","guid":{"rendered":"http:\/\/kimmidoll.hu\/?post_type=product&#038;p=649"},"modified":"2021-10-09T22:12:01","modified_gmt":"2021-10-09T22:12:01","slug":"szatyor-kazumi","status":"publish","type":"product","link":"https:\/\/kimmidoll.hu\/en\/shop\/szatyor-kazumi\/","title":{"rendered":"Szatyor &#8211; Kazumi"},"content":{"rendered":"<p>Kimmidoll Szatyor &#8211; Kazumi 45&#215;31,5x18cm, p\u00e9nzt\u00e1rca hozz\u00e1: 15&#215;10,5cm<\/p>\n","protected":false},"excerpt":{"rendered":"<p>Shopping bag &#8211; Kazumi<\/p>\n","protected":false},"featured_media":650,"comment_status":"closed","ping_status":"closed","template":"","meta":[],"product_cat":[54],"product_tag":[55],"aioseo_notices":[],"_links":{"self":[{"href":"https:\/\/kimmidoll.hu\/en\/wp-json\/wp\/v2\/product\/649"}],"collection":[{"href":"https:\/\/kimmidoll.hu\/en\/wp-json\/wp\/v2\/product"}],"about":[{"href":"https:\/\/kimmidoll.hu\/en\/wp-json\/wp\/v2\/types\/product"}],"replies":[{"embeddable":true,"href":"https:\/\/kimmidoll.hu\/en\/wp-json\/wp\/v2\/comments?post=649"}],"wp:featuredmedia":[{"embeddable":true,"href":"https:\/\/kimmidoll.hu\/en\/wp-json\/wp\/v2\/media\/650"}],"wp:attachment":[{"href":"https:\/\/kimmidoll.hu\/en\/wp-json\/wp\/v2\/media?parent=649"}],"wp:term":[{"taxonomy":"product_cat","embeddable":true,"href":"https:\/\/kimmidoll.hu\/en\/wp-json\/wp\/v2\/product_cat?post=649"},{"taxonomy":"product_tag","embeddable":true,"href":"https:\/\/kimmidoll.hu\/en\/wp-json\/wp\/v2\/product_tag?post=649"}],"curies":[{"name":"wp","href":"https:\/\/api.w.org\/{rel}","templated":true}]}}