{"id":646,"date":"2016-08-25T19:29:11","date_gmt":"2016-08-25T19:29:11","guid":{"rendered":"http:\/\/kimmidoll.hu\/?post_type=product&#038;p=646"},"modified":"2024-02-28T07:12:53","modified_gmt":"2024-02-28T07:12:53","slug":"szatyor-airi","status":"publish","type":"product","link":"https:\/\/kimmidoll.hu\/en\/shop\/szatyor-airi\/","title":{"rendered":"Szatyor &#8211; Airi"},"content":{"rendered":"<p>Kimmidoll Szatyor &#8211; Airi 45&#215;31,5x18cm, p\u00e9nzt\u00e1rca hozz\u00e1: 15&#215;10,5cm<\/p>\n","protected":false},"excerpt":{"rendered":"<p>Shopping bag &#8211; Airi<\/p>\n","protected":false},"featured_media":647,"comment_status":"closed","ping_status":"closed","template":"","meta":[],"product_cat":[54],"product_tag":[55],"aioseo_notices":[],"_links":{"self":[{"href":"https:\/\/kimmidoll.hu\/en\/wp-json\/wp\/v2\/product\/646"}],"collection":[{"href":"https:\/\/kimmidoll.hu\/en\/wp-json\/wp\/v2\/product"}],"about":[{"href":"https:\/\/kimmidoll.hu\/en\/wp-json\/wp\/v2\/types\/product"}],"replies":[{"embeddable":true,"href":"https:\/\/kimmidoll.hu\/en\/wp-json\/wp\/v2\/comments?post=646"}],"wp:featuredmedia":[{"embeddable":true,"href":"https:\/\/kimmidoll.hu\/en\/wp-json\/wp\/v2\/media\/647"}],"wp:attachment":[{"href":"https:\/\/kimmidoll.hu\/en\/wp-json\/wp\/v2\/media?parent=646"}],"wp:term":[{"taxonomy":"product_cat","embeddable":true,"href":"https:\/\/kimmidoll.hu\/en\/wp-json\/wp\/v2\/product_cat?post=646"},{"taxonomy":"product_tag","embeddable":true,"href":"https:\/\/kimmidoll.hu\/en\/wp-json\/wp\/v2\/product_tag?post=646"}],"curies":[{"name":"wp","href":"https:\/\/api.w.org\/{rel}","templated":true}]}}