{"id":618,"date":"2016-08-25T12:58:52","date_gmt":"2016-08-25T12:58:52","guid":{"rendered":"http:\/\/kimmidoll.hu\/?post_type=product&#038;p=618"},"modified":"2020-12-16T07:28:23","modified_gmt":"2020-12-16T07:28:23","slug":"telefon-ekszer-hiro","status":"publish","type":"product","link":"https:\/\/kimmidoll.hu\/en\/shop\/telefon-ekszer-hiro\/","title":{"rendered":"Telefon \u00e9kszer &#8211; Hiro"},"content":{"rendered":"<p>Kimmidoll telefon \u00e9kszer &#8211; Hiro, minden telefonhoz, jack dug\u00f3ba<\/p>\n","protected":false},"excerpt":{"rendered":"<p>for any phone, just plug into jack<\/p>\n","protected":false},"featured_media":619,"comment_status":"closed","ping_status":"closed","template":"","meta":[],"product_cat":[81,56],"product_tag":[82,57],"aioseo_notices":[],"_links":{"self":[{"href":"https:\/\/kimmidoll.hu\/en\/wp-json\/wp\/v2\/product\/618"}],"collection":[{"href":"https:\/\/kimmidoll.hu\/en\/wp-json\/wp\/v2\/product"}],"about":[{"href":"https:\/\/kimmidoll.hu\/en\/wp-json\/wp\/v2\/types\/product"}],"replies":[{"embeddable":true,"href":"https:\/\/kimmidoll.hu\/en\/wp-json\/wp\/v2\/comments?post=618"}],"wp:featuredmedia":[{"embeddable":true,"href":"https:\/\/kimmidoll.hu\/en\/wp-json\/wp\/v2\/media\/619"}],"wp:attachment":[{"href":"https:\/\/kimmidoll.hu\/en\/wp-json\/wp\/v2\/media?parent=618"}],"wp:term":[{"taxonomy":"product_cat","embeddable":true,"href":"https:\/\/kimmidoll.hu\/en\/wp-json\/wp\/v2\/product_cat?post=618"},{"taxonomy":"product_tag","embeddable":true,"href":"https:\/\/kimmidoll.hu\/en\/wp-json\/wp\/v2\/product_tag?post=618"}],"curies":[{"name":"wp","href":"https:\/\/api.w.org\/{rel}","templated":true}]}}