{"id":548,"date":"2016-08-25T08:39:34","date_gmt":"2016-08-25T08:39:34","guid":{"rendered":"http:\/\/kimmidoll.hu\/?post_type=product&#038;p=548"},"modified":"2026-03-01T13:40:35","modified_gmt":"2026-03-01T13:40:35","slug":"charm-karkoto-bonbon-2","status":"publish","type":"product","link":"https:\/\/kimmidoll.hu\/en\/shop\/charm-karkoto-bonbon-2\/","title":{"rendered":"Charm kark\u00f6t\u0151 &#8211; BonBon"},"content":{"rendered":"<p>Kimmidoll Charm kark\u00f6t\u0151 &#8211; BonBon<\/p>\n","protected":false},"excerpt":{"rendered":"<p>charm bracelet &#8211; BonBon<\/p>\n","protected":false},"featured_media":549,"comment_status":"closed","ping_status":"closed","template":"","meta":[],"product_cat":[26,30],"product_tag":[28,31],"aioseo_notices":[],"_links":{"self":[{"href":"https:\/\/kimmidoll.hu\/en\/wp-json\/wp\/v2\/product\/548"}],"collection":[{"href":"https:\/\/kimmidoll.hu\/en\/wp-json\/wp\/v2\/product"}],"about":[{"href":"https:\/\/kimmidoll.hu\/en\/wp-json\/wp\/v2\/types\/product"}],"replies":[{"embeddable":true,"href":"https:\/\/kimmidoll.hu\/en\/wp-json\/wp\/v2\/comments?post=548"}],"wp:featuredmedia":[{"embeddable":true,"href":"https:\/\/kimmidoll.hu\/en\/wp-json\/wp\/v2\/media\/549"}],"wp:attachment":[{"href":"https:\/\/kimmidoll.hu\/en\/wp-json\/wp\/v2\/media?parent=548"}],"wp:term":[{"taxonomy":"product_cat","embeddable":true,"href":"https:\/\/kimmidoll.hu\/en\/wp-json\/wp\/v2\/product_cat?post=548"},{"taxonomy":"product_tag","embeddable":true,"href":"https:\/\/kimmidoll.hu\/en\/wp-json\/wp\/v2\/product_tag?post=548"}],"curies":[{"name":"wp","href":"https:\/\/api.w.org\/{rel}","templated":true}]}}