{"id":5422,"date":"2023-06-22T20:13:28","date_gmt":"2023-06-22T20:13:28","guid":{"rendered":"https:\/\/kimmidoll.hu\/?post_type=product&#038;p=5422"},"modified":"2024-05-05T19:56:57","modified_gmt":"2024-05-05T19:56:57","slug":"szemuvegtok-miho-muveszi","status":"publish","type":"product","link":"https:\/\/kimmidoll.hu\/en\/shop\/szemuvegtok-miho-muveszi\/","title":{"rendered":"Szem\u00fcvegtok &#8211; Miho &#8220;m\u0171v\u00e9szi&#8221;"},"content":{"rendered":"<p>Kimmidoll Makoto szem\u00fcvegtok, m\u00e9ret: 16&#215;4,3cm<\/p>\n","protected":false},"excerpt":{"rendered":"<p>Kimmidoll Makoto szem\u00fcvegtok, m\u00e9ret: 16&#215;4,3cm<\/p>\n","protected":false},"featured_media":5424,"comment_status":"closed","ping_status":"closed","template":"","meta":[],"product_cat":[27,54],"product_tag":[53],"aioseo_notices":[],"_links":{"self":[{"href":"https:\/\/kimmidoll.hu\/en\/wp-json\/wp\/v2\/product\/5422"}],"collection":[{"href":"https:\/\/kimmidoll.hu\/en\/wp-json\/wp\/v2\/product"}],"about":[{"href":"https:\/\/kimmidoll.hu\/en\/wp-json\/wp\/v2\/types\/product"}],"replies":[{"embeddable":true,"href":"https:\/\/kimmidoll.hu\/en\/wp-json\/wp\/v2\/comments?post=5422"}],"wp:featuredmedia":[{"embeddable":true,"href":"https:\/\/kimmidoll.hu\/en\/wp-json\/wp\/v2\/media\/5424"}],"wp:attachment":[{"href":"https:\/\/kimmidoll.hu\/en\/wp-json\/wp\/v2\/media?parent=5422"}],"wp:term":[{"taxonomy":"product_cat","embeddable":true,"href":"https:\/\/kimmidoll.hu\/en\/wp-json\/wp\/v2\/product_cat?post=5422"},{"taxonomy":"product_tag","embeddable":true,"href":"https:\/\/kimmidoll.hu\/en\/wp-json\/wp\/v2\/product_tag?post=5422"}],"curies":[{"name":"wp","href":"https:\/\/api.w.org\/{rel}","templated":true}]}}