{"id":5419,"date":"2023-06-22T20:08:12","date_gmt":"2023-06-22T20:08:12","guid":{"rendered":"https:\/\/kimmidoll.hu\/?post_type=product&#038;p=5419"},"modified":"2024-09-22T19:13:21","modified_gmt":"2024-09-22T19:13:21","slug":"tsuyoshi-ninja-szivos","status":"publish","type":"product","link":"https:\/\/kimmidoll.hu\/en\/shop\/tsuyoshi-ninja-szivos\/","title":{"rendered":"Tsuyoshi Ninja &#8211; sz\u00edv\u00f3s"},"content":{"rendered":"<p>10 cm magas<\/p>\n","protected":false},"excerpt":{"rendered":"<p>A harcos b\u00f6lcsess\u00e9ge a dolgok l\u00e9nyeges term\u00e9szet\u00e9nek a meg\u00e9rt\u00e9s\u00e9ben rejlik. Hogy b\u00f6lcs harcos legyen, szomjaznom kell a teljes tud\u00e1s ut\u00e1ni v\u00e1gyat. Eggy\u00e9 kell v\u00e1lnom a vil\u00e1ggal \u00e9s mindennel, ami benne \u00e9l.<\/p>\n<p>10cm magas<\/p>\n","protected":false},"featured_media":5417,"comment_status":"closed","ping_status":"closed","template":"","meta":[],"product_cat":[105],"product_tag":[],"aioseo_notices":[],"_links":{"self":[{"href":"https:\/\/kimmidoll.hu\/en\/wp-json\/wp\/v2\/product\/5419"}],"collection":[{"href":"https:\/\/kimmidoll.hu\/en\/wp-json\/wp\/v2\/product"}],"about":[{"href":"https:\/\/kimmidoll.hu\/en\/wp-json\/wp\/v2\/types\/product"}],"replies":[{"embeddable":true,"href":"https:\/\/kimmidoll.hu\/en\/wp-json\/wp\/v2\/comments?post=5419"}],"wp:featuredmedia":[{"embeddable":true,"href":"https:\/\/kimmidoll.hu\/en\/wp-json\/wp\/v2\/media\/5417"}],"wp:attachment":[{"href":"https:\/\/kimmidoll.hu\/en\/wp-json\/wp\/v2\/media?parent=5419"}],"wp:term":[{"taxonomy":"product_cat","embeddable":true,"href":"https:\/\/kimmidoll.hu\/en\/wp-json\/wp\/v2\/product_cat?post=5419"},{"taxonomy":"product_tag","embeddable":true,"href":"https:\/\/kimmidoll.hu\/en\/wp-json\/wp\/v2\/product_tag?post=5419"}],"curies":[{"name":"wp","href":"https:\/\/api.w.org\/{rel}","templated":true}]}}