{"id":5414,"date":"2023-06-22T20:02:55","date_gmt":"2023-06-22T20:02:55","guid":{"rendered":"https:\/\/kimmidoll.hu\/?post_type=product&#038;p=5414"},"modified":"2024-09-22T19:13:50","modified_gmt":"2024-09-22T19:13:50","slug":"yusuke-ninja-tiszteletetre-melto","status":"publish","type":"product","link":"https:\/\/kimmidoll.hu\/en\/shop\/yusuke-ninja-tiszteletetre-melto\/","title":{"rendered":"Yusuke Ninja &#8211; tiszteletetre m\u00e9lt\u00f3"},"content":{"rendered":"<p>10 cm magas<\/p>\n","protected":false},"excerpt":{"rendered":"<p>A harcos b\u00f6lcsess\u00e9ge a dolgok l\u00e9nyeges term\u00e9szet\u00e9nek a meg\u00e9rt\u00e9s\u00e9ben rejlik. Hogy b\u00f6lcs harcos legyen, szomjaznom kell a teljes tud\u00e1s ut\u00e1ni v\u00e1gyat. Eggy\u00e9 kell v\u00e1lnom a vil\u00e1ggal \u00e9s mindennel, ami benne \u00e9l.<\/p>\n<p>10cm magas<\/p>\n","protected":false},"featured_media":5415,"comment_status":"closed","ping_status":"closed","template":"","meta":[],"product_cat":[105],"product_tag":[],"aioseo_notices":[],"_links":{"self":[{"href":"https:\/\/kimmidoll.hu\/en\/wp-json\/wp\/v2\/product\/5414"}],"collection":[{"href":"https:\/\/kimmidoll.hu\/en\/wp-json\/wp\/v2\/product"}],"about":[{"href":"https:\/\/kimmidoll.hu\/en\/wp-json\/wp\/v2\/types\/product"}],"replies":[{"embeddable":true,"href":"https:\/\/kimmidoll.hu\/en\/wp-json\/wp\/v2\/comments?post=5414"}],"wp:featuredmedia":[{"embeddable":true,"href":"https:\/\/kimmidoll.hu\/en\/wp-json\/wp\/v2\/media\/5415"}],"wp:attachment":[{"href":"https:\/\/kimmidoll.hu\/en\/wp-json\/wp\/v2\/media?parent=5414"}],"wp:term":[{"taxonomy":"product_cat","embeddable":true,"href":"https:\/\/kimmidoll.hu\/en\/wp-json\/wp\/v2\/product_cat?post=5414"},{"taxonomy":"product_tag","embeddable":true,"href":"https:\/\/kimmidoll.hu\/en\/wp-json\/wp\/v2\/product_tag?post=5414"}],"curies":[{"name":"wp","href":"https:\/\/api.w.org\/{rel}","templated":true}]}}