{"id":5411,"date":"2023-06-22T19:59:28","date_gmt":"2023-06-22T19:59:28","guid":{"rendered":"https:\/\/kimmidoll.hu\/?post_type=product&#038;p=5411"},"modified":"2025-11-10T13:55:03","modified_gmt":"2025-11-10T13:55:03","slug":"3d-kulcstarto-arany-mlck074","status":"publish","type":"product","link":"https:\/\/kimmidoll.hu\/en\/shop\/3d-kulcstarto-arany-mlck074\/","title":{"rendered":"3D kulcstart\u00f3 \/ arany MLCK074"},"content":{"rendered":"<p>Mani t\u00f6bb keleti kult\u00fara szerint a szerencse, gazdags\u00e1g \u00e9s a boldogs\u00e1g szimb\u00f3luma. Ebben a st\u00edlusos 3D kulcstart\u00f3 form\u00e1ban egy mindig mag\u00e1n\u00e1l hordhat\u00f3 talizm\u00e1n is. Mani a szerencsecica t\u00f6rt\u00e9net\u00e9r\u0151l <a href=\"http:\/\/kimmidoll.hu\/mani-a-szerencsecica-tortenete\/\">blogunkban b\u0151vebben<\/a> olvashat.<\/p>\n<p>Kimmidoll 3D kulcstart\u00f3, magass\u00e1g: 5cm + l\u00e1nc<\/p>\n","protected":false},"excerpt":{"rendered":"<p>Kimmidoll Mani 3D kulcstart\u00f3, magass\u00e1g: 5cm + l\u00e1nc, piros sz\u00edn\u0171<\/p>\n","protected":false},"featured_media":5398,"comment_status":"closed","ping_status":"closed","template":"","meta":[],"product_cat":[21,60],"product_tag":[53],"aioseo_notices":[],"_links":{"self":[{"href":"https:\/\/kimmidoll.hu\/en\/wp-json\/wp\/v2\/product\/5411"}],"collection":[{"href":"https:\/\/kimmidoll.hu\/en\/wp-json\/wp\/v2\/product"}],"about":[{"href":"https:\/\/kimmidoll.hu\/en\/wp-json\/wp\/v2\/types\/product"}],"replies":[{"embeddable":true,"href":"https:\/\/kimmidoll.hu\/en\/wp-json\/wp\/v2\/comments?post=5411"}],"wp:featuredmedia":[{"embeddable":true,"href":"https:\/\/kimmidoll.hu\/en\/wp-json\/wp\/v2\/media\/5398"}],"wp:attachment":[{"href":"https:\/\/kimmidoll.hu\/en\/wp-json\/wp\/v2\/media?parent=5411"}],"wp:term":[{"taxonomy":"product_cat","embeddable":true,"href":"https:\/\/kimmidoll.hu\/en\/wp-json\/wp\/v2\/product_cat?post=5411"},{"taxonomy":"product_tag","embeddable":true,"href":"https:\/\/kimmidoll.hu\/en\/wp-json\/wp\/v2\/product_tag?post=5411"}],"curies":[{"name":"wp","href":"https:\/\/api.w.org\/{rel}","templated":true}]}}