{"id":5382,"date":"2023-06-22T19:37:00","date_gmt":"2023-06-22T19:37:00","guid":{"rendered":"https:\/\/kimmidoll.hu\/?post_type=product&#038;p=5382"},"modified":"2026-04-22T12:28:50","modified_gmt":"2026-04-22T12:28:50","slug":"mani-cica-08-fekete","status":"publish","type":"product","link":"https:\/\/kimmidoll.hu\/en\/shop\/mani-cica-08-fekete\/","title":{"rendered":"Mani cica 08 fekete MLCF"},"content":{"rendered":"<p>Kimmidoll Mani cica 16, magass\u00e1g: 110 mm, nyak\u00f6rv\u00e9re k\u00edv\u00e1ns\u00e1g charm akaszthat\u00f3<\/p>\n","protected":false},"excerpt":{"rendered":"<p>Kimmidoll Mani cica 16, magass\u00e1g: 110 mm, nyak\u00f6rv\u00e9re k\u00edv\u00e1ns\u00e1g charm akaszthat\u00f3<\/p>\n","protected":false},"featured_media":5383,"comment_status":"closed","ping_status":"closed","template":"","meta":[],"product_cat":[20,60],"product_tag":[61,53],"aioseo_notices":[],"_links":{"self":[{"href":"https:\/\/kimmidoll.hu\/en\/wp-json\/wp\/v2\/product\/5382"}],"collection":[{"href":"https:\/\/kimmidoll.hu\/en\/wp-json\/wp\/v2\/product"}],"about":[{"href":"https:\/\/kimmidoll.hu\/en\/wp-json\/wp\/v2\/types\/product"}],"replies":[{"embeddable":true,"href":"https:\/\/kimmidoll.hu\/en\/wp-json\/wp\/v2\/comments?post=5382"}],"wp:featuredmedia":[{"embeddable":true,"href":"https:\/\/kimmidoll.hu\/en\/wp-json\/wp\/v2\/media\/5383"}],"wp:attachment":[{"href":"https:\/\/kimmidoll.hu\/en\/wp-json\/wp\/v2\/media?parent=5382"}],"wp:term":[{"taxonomy":"product_cat","embeddable":true,"href":"https:\/\/kimmidoll.hu\/en\/wp-json\/wp\/v2\/product_cat?post=5382"},{"taxonomy":"product_tag","embeddable":true,"href":"https:\/\/kimmidoll.hu\/en\/wp-json\/wp\/v2\/product_tag?post=5382"}],"curies":[{"name":"wp","href":"https:\/\/api.w.org\/{rel}","templated":true}]}}