{"id":484,"date":"2016-08-11T10:36:51","date_gmt":"2016-08-11T10:36:51","guid":{"rendered":"http:\/\/kimmidoll.hu\/?post_type=product&#038;p=484"},"modified":"2021-12-09T19:11:20","modified_gmt":"2021-12-09T19:11:20","slug":"sayaka-karakter","status":"publish","type":"product","link":"https:\/\/kimmidoll.hu\/en\/shop\/sayaka-karakter\/","title":{"rendered":"Raven &#8211; Karakter"},"content":{"rendered":"<p>Sayaka &#8211; &#8220;term\u00e9szetes sz\u00e9ps\u00e9g&#8221; M\u00e9rete: 6 cm<\/p>\n","protected":false},"excerpt":{"rendered":"<p>Sayaka &#8211; &#8220;pure beauty&#8221;<\/p>\n","protected":false},"featured_media":485,"comment_status":"closed","ping_status":"closed","template":"","meta":[],"product_cat":[20],"product_tag":[19],"aioseo_notices":[],"_links":{"self":[{"href":"https:\/\/kimmidoll.hu\/en\/wp-json\/wp\/v2\/product\/484"}],"collection":[{"href":"https:\/\/kimmidoll.hu\/en\/wp-json\/wp\/v2\/product"}],"about":[{"href":"https:\/\/kimmidoll.hu\/en\/wp-json\/wp\/v2\/types\/product"}],"replies":[{"embeddable":true,"href":"https:\/\/kimmidoll.hu\/en\/wp-json\/wp\/v2\/comments?post=484"}],"wp:featuredmedia":[{"embeddable":true,"href":"https:\/\/kimmidoll.hu\/en\/wp-json\/wp\/v2\/media\/485"}],"wp:attachment":[{"href":"https:\/\/kimmidoll.hu\/en\/wp-json\/wp\/v2\/media?parent=484"}],"wp:term":[{"taxonomy":"product_cat","embeddable":true,"href":"https:\/\/kimmidoll.hu\/en\/wp-json\/wp\/v2\/product_cat?post=484"},{"taxonomy":"product_tag","embeddable":true,"href":"https:\/\/kimmidoll.hu\/en\/wp-json\/wp\/v2\/product_tag?post=484"}],"curies":[{"name":"wp","href":"https:\/\/api.w.org\/{rel}","templated":true}]}}