{"id":472,"date":"2016-08-11T09:28:09","date_gmt":"2016-08-11T09:28:09","guid":{"rendered":"http:\/\/kimmidoll.hu\/?post_type=product&#038;p=472"},"modified":"2016-11-25T04:35:39","modified_gmt":"2016-11-25T04:35:39","slug":"miho-karakter","status":"publish","type":"product","link":"https:\/\/kimmidoll.hu\/en\/shop\/miho-karakter\/","title":{"rendered":"Miho &#8211; karakter"},"content":{"rendered":"<p>Miho &#8211; &#8220;m\u0171v\u00e9szi&#8221; M\u00e9rete: 10,5cm<\/p>\n","protected":false},"excerpt":{"rendered":"<p>Miho &#8211; &#8220;Artistic&#8221;<\/p>\n","protected":false},"featured_media":473,"comment_status":"closed","ping_status":"closed","template":"","meta":[],"product_cat":[20],"product_tag":[19],"aioseo_notices":[],"_links":{"self":[{"href":"https:\/\/kimmidoll.hu\/en\/wp-json\/wp\/v2\/product\/472"}],"collection":[{"href":"https:\/\/kimmidoll.hu\/en\/wp-json\/wp\/v2\/product"}],"about":[{"href":"https:\/\/kimmidoll.hu\/en\/wp-json\/wp\/v2\/types\/product"}],"replies":[{"embeddable":true,"href":"https:\/\/kimmidoll.hu\/en\/wp-json\/wp\/v2\/comments?post=472"}],"wp:featuredmedia":[{"embeddable":true,"href":"https:\/\/kimmidoll.hu\/en\/wp-json\/wp\/v2\/media\/473"}],"wp:attachment":[{"href":"https:\/\/kimmidoll.hu\/en\/wp-json\/wp\/v2\/media?parent=472"}],"wp:term":[{"taxonomy":"product_cat","embeddable":true,"href":"https:\/\/kimmidoll.hu\/en\/wp-json\/wp\/v2\/product_cat?post=472"},{"taxonomy":"product_tag","embeddable":true,"href":"https:\/\/kimmidoll.hu\/en\/wp-json\/wp\/v2\/product_tag?post=472"}],"curies":[{"name":"wp","href":"https:\/\/api.w.org\/{rel}","templated":true}]}}