{"id":466,"date":"2016-08-11T09:05:46","date_gmt":"2016-08-11T09:05:46","guid":{"rendered":"http:\/\/kimmidoll.hu\/?post_type=product&#038;p=466"},"modified":"2017-12-23T08:20:52","modified_gmt":"2017-12-23T08:20:52","slug":"kome-karakter","status":"publish","type":"product","link":"https:\/\/kimmidoll.hu\/en\/shop\/kome-karakter\/","title":{"rendered":"Kome &#8211; Karakter"},"content":{"rendered":"<p>Kome, a gazdagg\u00e1 t\u00e9v\u0151, 6cm<\/p>\n","protected":false},"excerpt":{"rendered":"<p>Kome &#8211; enriching 6cm<\/p>\n","protected":false},"featured_media":467,"comment_status":"closed","ping_status":"closed","template":"","meta":[],"product_cat":[20],"product_tag":[19],"aioseo_notices":[],"_links":{"self":[{"href":"https:\/\/kimmidoll.hu\/en\/wp-json\/wp\/v2\/product\/466"}],"collection":[{"href":"https:\/\/kimmidoll.hu\/en\/wp-json\/wp\/v2\/product"}],"about":[{"href":"https:\/\/kimmidoll.hu\/en\/wp-json\/wp\/v2\/types\/product"}],"replies":[{"embeddable":true,"href":"https:\/\/kimmidoll.hu\/en\/wp-json\/wp\/v2\/comments?post=466"}],"wp:featuredmedia":[{"embeddable":true,"href":"https:\/\/kimmidoll.hu\/en\/wp-json\/wp\/v2\/media\/467"}],"wp:attachment":[{"href":"https:\/\/kimmidoll.hu\/en\/wp-json\/wp\/v2\/media?parent=466"}],"wp:term":[{"taxonomy":"product_cat","embeddable":true,"href":"https:\/\/kimmidoll.hu\/en\/wp-json\/wp\/v2\/product_cat?post=466"},{"taxonomy":"product_tag","embeddable":true,"href":"https:\/\/kimmidoll.hu\/en\/wp-json\/wp\/v2\/product_tag?post=466"}],"curies":[{"name":"wp","href":"https:\/\/api.w.org\/{rel}","templated":true}]}}