{"id":445,"date":"2016-08-11T07:30:53","date_gmt":"2016-08-11T07:30:53","guid":{"rendered":"http:\/\/kimmidoll.hu\/?post_type=product&#038;p=445"},"modified":"2021-09-22T09:53:48","modified_gmt":"2021-09-22T09:53:48","slug":"charm-karkoto-bonbon","status":"publish","type":"product","link":"https:\/\/kimmidoll.hu\/en\/shop\/charm-karkoto-bonbon\/","title":{"rendered":"Charm kark\u00f6t\u0151 &#8211; BonBon"},"content":{"rendered":"<p>Charm kark\u00f6t\u0151 &#8211; BonBon<\/p>\n","protected":false},"excerpt":{"rendered":"<p>charm bracelet &#8211; BonBon<\/p>\n","protected":false},"featured_media":446,"comment_status":"closed","ping_status":"closed","template":"","meta":[],"product_cat":[26,30],"product_tag":[28,31],"aioseo_notices":[],"_links":{"self":[{"href":"https:\/\/kimmidoll.hu\/en\/wp-json\/wp\/v2\/product\/445"}],"collection":[{"href":"https:\/\/kimmidoll.hu\/en\/wp-json\/wp\/v2\/product"}],"about":[{"href":"https:\/\/kimmidoll.hu\/en\/wp-json\/wp\/v2\/types\/product"}],"replies":[{"embeddable":true,"href":"https:\/\/kimmidoll.hu\/en\/wp-json\/wp\/v2\/comments?post=445"}],"wp:featuredmedia":[{"embeddable":true,"href":"https:\/\/kimmidoll.hu\/en\/wp-json\/wp\/v2\/media\/446"}],"wp:attachment":[{"href":"https:\/\/kimmidoll.hu\/en\/wp-json\/wp\/v2\/media?parent=445"}],"wp:term":[{"taxonomy":"product_cat","embeddable":true,"href":"https:\/\/kimmidoll.hu\/en\/wp-json\/wp\/v2\/product_cat?post=445"},{"taxonomy":"product_tag","embeddable":true,"href":"https:\/\/kimmidoll.hu\/en\/wp-json\/wp\/v2\/product_tag?post=445"}],"curies":[{"name":"wp","href":"https:\/\/api.w.org\/{rel}","templated":true}]}}