{"id":4371,"date":"2020-11-17T20:18:55","date_gmt":"2020-11-17T20:18:55","guid":{"rendered":"https:\/\/kimmidoll.hu\/?post_type=product&#038;p=4371"},"modified":"2021-12-02T20:49:34","modified_gmt":"2021-12-02T20:49:34","slug":"maszk-fekete-kimmidoll","status":"publish","type":"product","link":"https:\/\/kimmidoll.hu\/en\/shop\/maszk-fekete-kimmidoll\/","title":{"rendered":"Maszk &#8211; fekete kimmidoll"},"content":{"rendered":"<p>bels\u0151 r\u00e9teg: 100% pamut<\/p>\n","protected":false},"excerpt":{"rendered":"<p>2 r\u00e9teg\u0171, pamut \u00e9s m\u0171sz\u00e1l alap\u00fa textil,\u00a060\u00b0C-on moshat\u00f3, vasal\u00e1ssal steriliz\u00e1lhat\u00f3, tasakban csomagolva. \u00c1ll\u00edthat\u00f3 p\u00e1nttal.<\/p>\n<p>&nbsp;<\/p>\n","protected":false},"featured_media":4364,"comment_status":"closed","ping_status":"closed","template":"","meta":[],"product_cat":[26,122],"product_tag":[],"aioseo_notices":[],"_links":{"self":[{"href":"https:\/\/kimmidoll.hu\/en\/wp-json\/wp\/v2\/product\/4371"}],"collection":[{"href":"https:\/\/kimmidoll.hu\/en\/wp-json\/wp\/v2\/product"}],"about":[{"href":"https:\/\/kimmidoll.hu\/en\/wp-json\/wp\/v2\/types\/product"}],"replies":[{"embeddable":true,"href":"https:\/\/kimmidoll.hu\/en\/wp-json\/wp\/v2\/comments?post=4371"}],"wp:featuredmedia":[{"embeddable":true,"href":"https:\/\/kimmidoll.hu\/en\/wp-json\/wp\/v2\/media\/4364"}],"wp:attachment":[{"href":"https:\/\/kimmidoll.hu\/en\/wp-json\/wp\/v2\/media?parent=4371"}],"wp:term":[{"taxonomy":"product_cat","embeddable":true,"href":"https:\/\/kimmidoll.hu\/en\/wp-json\/wp\/v2\/product_cat?post=4371"},{"taxonomy":"product_tag","embeddable":true,"href":"https:\/\/kimmidoll.hu\/en\/wp-json\/wp\/v2\/product_tag?post=4371"}],"curies":[{"name":"wp","href":"https:\/\/api.w.org\/{rel}","templated":true}]}}