{"id":4369,"date":"2020-11-17T20:15:41","date_gmt":"2020-11-17T20:15:41","guid":{"rendered":"https:\/\/kimmidoll.hu\/?post_type=product&#038;p=4369"},"modified":"2022-04-12T18:09:02","modified_gmt":"2022-04-12T18:09:02","slug":"maszk-kek-ninja","status":"publish","type":"product","link":"https:\/\/kimmidoll.hu\/en\/shop\/maszk-kek-ninja\/","title":{"rendered":"Maszk &#8211; k\u00e9k ninja"},"content":{"rendered":"<p>bels\u0151 r\u00e9teg: 100% pamut<\/p>\n","protected":false},"excerpt":{"rendered":"<p>2 r\u00e9teg\u0171, pamut \u00e9s m\u0171sz\u00e1l alap\u00fa textil,\u00a060\u00b0C-on moshat\u00f3, vasal\u00e1ssal steriliz\u00e1lhat\u00f3, tasakban csomagolva<\/p>\n","protected":false},"featured_media":4366,"comment_status":"closed","ping_status":"closed","template":"","meta":[],"product_cat":[122,105],"product_tag":[],"aioseo_notices":[],"_links":{"self":[{"href":"https:\/\/kimmidoll.hu\/en\/wp-json\/wp\/v2\/product\/4369"}],"collection":[{"href":"https:\/\/kimmidoll.hu\/en\/wp-json\/wp\/v2\/product"}],"about":[{"href":"https:\/\/kimmidoll.hu\/en\/wp-json\/wp\/v2\/types\/product"}],"replies":[{"embeddable":true,"href":"https:\/\/kimmidoll.hu\/en\/wp-json\/wp\/v2\/comments?post=4369"}],"wp:featuredmedia":[{"embeddable":true,"href":"https:\/\/kimmidoll.hu\/en\/wp-json\/wp\/v2\/media\/4366"}],"wp:attachment":[{"href":"https:\/\/kimmidoll.hu\/en\/wp-json\/wp\/v2\/media?parent=4369"}],"wp:term":[{"taxonomy":"product_cat","embeddable":true,"href":"https:\/\/kimmidoll.hu\/en\/wp-json\/wp\/v2\/product_cat?post=4369"},{"taxonomy":"product_tag","embeddable":true,"href":"https:\/\/kimmidoll.hu\/en\/wp-json\/wp\/v2\/product_tag?post=4369"}],"curies":[{"name":"wp","href":"https:\/\/api.w.org\/{rel}","templated":true}]}}