{"id":4333,"date":"2020-11-14T17:24:37","date_gmt":"2020-11-14T17:24:37","guid":{"rendered":"https:\/\/kimmidoll.hu\/?post_type=product&#038;p=4333"},"modified":"2024-05-14T18:27:43","modified_gmt":"2024-05-14T18:27:43","slug":"tgkfl033-maxi-kazuna-igaz-barat","status":"publish","type":"product","link":"https:\/\/kimmidoll.hu\/en\/shop\/tgkfl033-maxi-kazuna-igaz-barat\/","title":{"rendered":"TGKFL033 maxi Kazuna &#8216;igaz bar\u00e1t&#8217;"},"content":{"rendered":"<p>A Kimmidoll figur\u00e1k alap\u00f6tlete a jap\u00e1n kokeshi bab\u00e1kt\u00f3l sz\u00e1rmazik. Jap\u00e1nban a kokeshi bab\u00e1k hossz\u00fa m\u00faltra tekintenek vissza. A gyerekj\u00e1t\u00e9kb\u00f3l \u00e9s d\u00edszb\u0151l feln\u0151tt-kedvencc\u00e9 lett bab\u00e1t aj\u00e1nd\u00e9kk\u00e9nt adt\u00e1k egym\u00e1snak az emberek a szeretet \u00e9s a bar\u00e1ts\u00e1g jelek\u00e9nt, tov\u00e1bb\u00e1 spiritu\u00e1lis jelent\u0151s\u00e9ggel is b\u00edrnak, \u00e9s v\u00e9delmet adnak. A kokeshi bab\u00e1kat \u00fajsz\u00fcl\u00f6tt gyermekeknek is adj\u00e1k, hogy hozzanak szerencs\u00e9t \u00e9s eg\u00e9szs\u00e9get \u00e9let\u00fck sor\u00e1n. \u00cdgy h\u00e1t nemigen tal\u00e1lni olyan jap\u00e1n csal\u00e1dot, akiknek ne lenne az otthon\u00e1ban legal\u00e1bb egy. Mindegyik Kimmidoll figura egyedi jelent\u00e9startalommal b\u00edr, m\u00e1s-m\u00e1s pozit\u00edv tulajdons\u00e1g szimb\u00f3lumai.<\/p>\n","protected":false},"excerpt":{"rendered":"<p>Magass\u00e1ga: 10cm.<\/p>\n<p>Egyedi dobozba csomagolva, k\u00e1rtya mell\u00e9klettel a bab\u00e1kr\u00f3l.<\/p>\n<p>A k\u00e9pek k\u00f6z\u00f6tt megtal\u00e1lj\u00e1tok az adott baba szem\u00e9lyis\u00e9g\u00e9nek teljes jellemz\u00e9s\u00e9t, angolul.<\/p>\n","protected":false},"featured_media":4349,"comment_status":"closed","ping_status":"closed","template":"","meta":[],"product_cat":[20],"product_tag":[],"aioseo_notices":[],"_links":{"self":[{"href":"https:\/\/kimmidoll.hu\/en\/wp-json\/wp\/v2\/product\/4333"}],"collection":[{"href":"https:\/\/kimmidoll.hu\/en\/wp-json\/wp\/v2\/product"}],"about":[{"href":"https:\/\/kimmidoll.hu\/en\/wp-json\/wp\/v2\/types\/product"}],"replies":[{"embeddable":true,"href":"https:\/\/kimmidoll.hu\/en\/wp-json\/wp\/v2\/comments?post=4333"}],"wp:featuredmedia":[{"embeddable":true,"href":"https:\/\/kimmidoll.hu\/en\/wp-json\/wp\/v2\/media\/4349"}],"wp:attachment":[{"href":"https:\/\/kimmidoll.hu\/en\/wp-json\/wp\/v2\/media?parent=4333"}],"wp:term":[{"taxonomy":"product_cat","embeddable":true,"href":"https:\/\/kimmidoll.hu\/en\/wp-json\/wp\/v2\/product_cat?post=4333"},{"taxonomy":"product_tag","embeddable":true,"href":"https:\/\/kimmidoll.hu\/en\/wp-json\/wp\/v2\/product_tag?post=4333"}],"curies":[{"name":"wp","href":"https:\/\/api.w.org\/{rel}","templated":true}]}}