{"id":3811,"date":"2019-10-16T10:09:26","date_gmt":"2019-10-16T10:09:26","guid":{"rendered":"https:\/\/kimmidoll.hu\/?post_type=product&#038;p=3811"},"modified":"2022-08-19T04:25:58","modified_gmt":"2022-08-19T04:25:58","slug":"mcsf031-feher","status":"publish","type":"product","link":"https:\/\/kimmidoll.hu\/en\/shop\/mcsf031-feher\/","title":{"rendered":"MCSF031 \/ feh\u00e9r"},"content":{"rendered":"<p>Mani t\u00f6bb keleti kult\u00fara szerint szerencs\u00e9t hoz a gazd\u00e1j\u00e1nak. A szerencs\u00e9n k\u00edv\u00fcl a boldogs\u00e1g \u00e9s gazdags\u00e1g talizm\u00e1nja is. A hagyom\u00e1nyos \u00e1zsiai haszn\u00e1lat\u00e1nak megfelel\u0151en aj\u00e1nljuk otthonra, irod\u00e1ba, \u00fczletbe, szalonba, \u00e9tterembe, de ak\u00e1r olyan nyaral\u00f3ba is, ahol hosszabb id\u0151t t\u00f6lt az \u00e9v sor\u00e1n, vagy b\u00e1rhol, ahol vend\u00e9geket \/ \u00fcgyfeleket fogad. Szerencse talizm\u00e1n szerep\u00e9n k\u00edv\u00fcl Mani berendez\u00e9si t\u00e1rgyk\u00e9nt lak\u00e1sa d\u00edsze is lesz, \u00edgy aj\u00e1nd\u00e9knak is ide\u00e1lis. A szerencsecica t\u00f6rt\u00e9net\u00e9r\u0151l <a href=\"http:\/\/kimmidoll.hu\/mani-a-szerencsecica-tortenete\/\">blogunkban b\u0151vebben<\/a> olvashat.<\/p>\n<p>Kimmidoll Mani cica 91, magass\u00e1g: 70 mm, k\u00f6vekkel d\u00edsz\u00edtett nyak\u00f6rv\u00e9re k\u00edv\u00e1ns\u00e1g charm akaszthat\u00f3,<\/p>\n","protected":false},"excerpt":{"rendered":"<p>Kimmidoll Mani cica, magass\u00e1g: 70 mm, nyak\u00f6rv\u00e9re k\u00edv\u00e1ns\u00e1g charm akaszthat\u00f3<\/p>\n","protected":false},"featured_media":3812,"comment_status":"closed","ping_status":"closed","template":"","meta":[],"product_cat":[56,20,60],"product_tag":[],"aioseo_notices":[],"_links":{"self":[{"href":"https:\/\/kimmidoll.hu\/en\/wp-json\/wp\/v2\/product\/3811"}],"collection":[{"href":"https:\/\/kimmidoll.hu\/en\/wp-json\/wp\/v2\/product"}],"about":[{"href":"https:\/\/kimmidoll.hu\/en\/wp-json\/wp\/v2\/types\/product"}],"replies":[{"embeddable":true,"href":"https:\/\/kimmidoll.hu\/en\/wp-json\/wp\/v2\/comments?post=3811"}],"wp:featuredmedia":[{"embeddable":true,"href":"https:\/\/kimmidoll.hu\/en\/wp-json\/wp\/v2\/media\/3812"}],"wp:attachment":[{"href":"https:\/\/kimmidoll.hu\/en\/wp-json\/wp\/v2\/media?parent=3811"}],"wp:term":[{"taxonomy":"product_cat","embeddable":true,"href":"https:\/\/kimmidoll.hu\/en\/wp-json\/wp\/v2\/product_cat?post=3811"},{"taxonomy":"product_tag","embeddable":true,"href":"https:\/\/kimmidoll.hu\/en\/wp-json\/wp\/v2\/product_tag?post=3811"}],"curies":[{"name":"wp","href":"https:\/\/api.w.org\/{rel}","templated":true}]}}