{"id":371,"date":"2016-08-02T08:56:50","date_gmt":"2016-08-02T08:56:50","guid":{"rendered":"http:\/\/kimmidoll.hu\/termek\/aki-karakter\/"},"modified":"2023-10-01T19:34:59","modified_gmt":"2023-10-01T19:34:59","slug":"aki-karakter","status":"publish","type":"product","link":"https:\/\/kimmidoll.hu\/en\/shop\/aki-karakter\/","title":{"rendered":"Aki &#8211; Karakter"},"content":{"rendered":"<p>Aki, a &#8220;meg\u00e9rt\u0151&#8221; M\u00e9rete: 6 cm<\/p>\n","protected":false},"excerpt":{"rendered":"<p>Aki, a &#8220;understanding&#8221;<\/p>\n","protected":false},"featured_media":372,"comment_status":"closed","ping_status":"closed","template":"","meta":[],"product_cat":[20],"product_tag":[19],"aioseo_notices":[],"_links":{"self":[{"href":"https:\/\/kimmidoll.hu\/en\/wp-json\/wp\/v2\/product\/371"}],"collection":[{"href":"https:\/\/kimmidoll.hu\/en\/wp-json\/wp\/v2\/product"}],"about":[{"href":"https:\/\/kimmidoll.hu\/en\/wp-json\/wp\/v2\/types\/product"}],"replies":[{"embeddable":true,"href":"https:\/\/kimmidoll.hu\/en\/wp-json\/wp\/v2\/comments?post=371"}],"wp:featuredmedia":[{"embeddable":true,"href":"https:\/\/kimmidoll.hu\/en\/wp-json\/wp\/v2\/media\/372"}],"wp:attachment":[{"href":"https:\/\/kimmidoll.hu\/en\/wp-json\/wp\/v2\/media?parent=371"}],"wp:term":[{"taxonomy":"product_cat","embeddable":true,"href":"https:\/\/kimmidoll.hu\/en\/wp-json\/wp\/v2\/product_cat?post=371"},{"taxonomy":"product_tag","embeddable":true,"href":"https:\/\/kimmidoll.hu\/en\/wp-json\/wp\/v2\/product_tag?post=371"}],"curies":[{"name":"wp","href":"https:\/\/api.w.org\/{rel}","templated":true}]}}