{"id":3564,"date":"2019-10-10T14:23:16","date_gmt":"2019-10-10T14:23:16","guid":{"rendered":"https:\/\/kimmidoll.hu\/?post_type=product&#038;p=3564"},"modified":"2025-09-10T06:39:09","modified_gmt":"2025-09-10T06:39:09","slug":"jazzy-unikornis-bambusz-pohar-cch004","status":"publish","type":"product","link":"https:\/\/kimmidoll.hu\/en\/shop\/jazzy-unikornis-bambusz-pohar-cch004\/","title":{"rendered":"Jazzy Unikornis Bambusz poh\u00e1r CCH004"},"content":{"rendered":"<p>80%-ban bambusz t\u00f6rmel\u00e9kb\u0151l k\u00e9sz\u00fclt.<\/p>\n<p>magass\u00e1g: 93mm, sz\u00e9less\u00e9g: 77mm<\/p>\n<p>\u0171rtartalom: 300ml<\/p>\n<p>fogmos\u00f3 poh\u00e1rnak is kit\u0171n\u0151 \ud83d\ude09<\/p>\n<p>eper \u00e9s alma d\u00edsz\u00edt\u00e9ssel + p\u00f6tty\u00f6s<\/p>\n","protected":false},"excerpt":{"rendered":"<p>Jazzy, &#8220;soha ne hagyd abba az \u00e1lmodoz\u00e1st!&#8221;<\/p>\n<p>&nbsp;<\/p>\n","protected":false},"featured_media":3532,"comment_status":"closed","ping_status":"closed","template":"","meta":[],"product_cat":[120],"product_tag":[],"aioseo_notices":[],"_links":{"self":[{"href":"https:\/\/kimmidoll.hu\/en\/wp-json\/wp\/v2\/product\/3564"}],"collection":[{"href":"https:\/\/kimmidoll.hu\/en\/wp-json\/wp\/v2\/product"}],"about":[{"href":"https:\/\/kimmidoll.hu\/en\/wp-json\/wp\/v2\/types\/product"}],"replies":[{"embeddable":true,"href":"https:\/\/kimmidoll.hu\/en\/wp-json\/wp\/v2\/comments?post=3564"}],"wp:featuredmedia":[{"embeddable":true,"href":"https:\/\/kimmidoll.hu\/en\/wp-json\/wp\/v2\/media\/3532"}],"wp:attachment":[{"href":"https:\/\/kimmidoll.hu\/en\/wp-json\/wp\/v2\/media?parent=3564"}],"wp:term":[{"taxonomy":"product_cat","embeddable":true,"href":"https:\/\/kimmidoll.hu\/en\/wp-json\/wp\/v2\/product_cat?post=3564"},{"taxonomy":"product_tag","embeddable":true,"href":"https:\/\/kimmidoll.hu\/en\/wp-json\/wp\/v2\/product_tag?post=3564"}],"curies":[{"name":"wp","href":"https:\/\/api.w.org\/{rel}","templated":true}]}}